{"id":1194,"date":"2023-06-02T16:00:44","date_gmt":"2023-06-02T16:00:44","guid":{"rendered":"http:\/\/diasil.com.br\/?page_id=1194"},"modified":"2025-05-16T12:12:22","modified_gmt":"2025-05-16T12:12:22","slug":"ad-41-plus","status":"publish","type":"page","link":"https:\/\/diasil.com.br\/index.php\/ad-41-plus\/","title":{"rendered":"AD 41 Plus"},"content":{"rendered":"\t\t<div data-elementor-type=\"wp-page\" data-elementor-id=\"1194\" class=\"elementor elementor-1194\">\n\t\t\t\t\t\t<section class=\"elementor-section elementor-top-section elementor-element elementor-element-72aa0e6a elementor-section-full_width elementor-section-height-default elementor-section-height-default\" data-id=\"72aa0e6a\" data-element_type=\"section\" id=\"header_paginas\">\n\t\t\t\t\t\t<div class=\"elementor-container elementor-column-gap-no\">\n\t\t\t\t\t<div class=\"elementor-column elementor-col-100 elementor-top-column elementor-element elementor-element-1dd8b3bc\" data-id=\"1dd8b3bc\" data-element_type=\"column\">\n\t\t\t<div class=\"elementor-widget-wrap elementor-element-populated\">\n\t\t\t\t\t\t<div class=\"elementor-element elementor-element-42b703d2 elementor-align-left elementor-widget elementor-widget-home-1-header\" data-id=\"42b703d2\" data-element_type=\"widget\" data-widget_type=\"home-1-header.default\">\n\t\t\t\t<div class=\"elementor-widget-container\">\n\t\t\t\n\t\t<header>\n\t\t\t<div class=\"home-slider\">\n\t\t\t\t<!-- partial:index.partial.html -->\n\t\t\t\t<div class=\"hero-slider\" data-carousel>\n\t\t\t\t\t\t\t\t\t\t\t\t\t\t\t\t\t\t<div class=\"carousel-cell\" style=\"background-image:url(http:\/\/diasil.com.br\/wp-content\/uploads\/2021\/03\/diasil_capa02.png);\">\n\t\t\t\t\t\t\t\t\t\t\t\t\t\t<div class=\"overlay\"><\/div>\n\t\t\t\t\t\t\t<div class=\"container slider-caption\">\n\t\t\t\t\t\t\t\t\t\t\t\t\t\t\t\t\t\t\t\t\t\t\t\t\t<h2 class=\"title\">PRODUTOS<\/h2>\n\t\t\t\t\t\t\t\t\t\t\t\t\t\t\t\t<div class=\"slider-btn\">\n\t\t\t\t\t\t\t\t\t\t\t\t\t\t\t\t\t\t\t\t\t\t\t\t\t\t<\/div>\n\t\t\t\t\t\t\t<\/div>\n\t\t\t\t\t\t<\/div>\n\t\t\t\t\t\t\t\t\t\t\t<\/div>\n\t\t\t\t\t<!-- partial -->\n\t\t\t\t<\/div>\n\t\t\t<\/header>\n\t\t\t<\/div>\n\t\t\t\t<\/div>\n\t\t\t\t\t<\/div>\n\t\t<\/div>\n\t\t\t\t\t<\/div>\n\t\t<\/section>\n\t\t\t\t<section class=\"elementor-section elementor-top-section elementor-element elementor-element-32312afe elementor-section-boxed elementor-section-height-default elementor-section-height-default\" data-id=\"32312afe\" data-element_type=\"section\">\n\t\t\t\t\t\t<div class=\"elementor-container elementor-column-gap-default\">\n\t\t\t\t\t<div class=\"elementor-column elementor-col-50 elementor-top-column elementor-element elementor-element-16aece60\" data-id=\"16aece60\" data-element_type=\"column\">\n\t\t\t<div class=\"elementor-widget-wrap elementor-element-populated\">\n\t\t\t\t\t\t<div class=\"elementor-element elementor-element-5c1376d6 elementor-widget elementor-widget-image\" data-id=\"5c1376d6\" data-element_type=\"widget\" data-widget_type=\"image.default\">\n\t\t\t\t<div class=\"elementor-widget-container\">\n\t\t\t<style>\/*! elementor - v3.19.0 - 28-02-2024 *\/\n.elementor-widget-image{text-align:center}.elementor-widget-image a{display:inline-block}.elementor-widget-image a img[src$=\".svg\"]{width:48px}.elementor-widget-image img{vertical-align:middle;display:inline-block}<\/style>\t\t\t\t\t\t\t\t\t\t<img fetchpriority=\"high\" decoding=\"async\" width=\"900\" height=\"383\" src=\"https:\/\/diasil.com.br\/wp-content\/uploads\/2023\/06\/ad41-plus-1024x436.png\" class=\"attachment-large size-large wp-image-1195\" alt=\"\" srcset=\"https:\/\/diasil.com.br\/wp-content\/uploads\/2023\/06\/ad41-plus-1024x436.png 1024w, https:\/\/diasil.com.br\/wp-content\/uploads\/2023\/06\/ad41-plus-300x128.png 300w, https:\/\/diasil.com.br\/wp-content\/uploads\/2023\/06\/ad41-plus-768x327.png 768w, https:\/\/diasil.com.br\/wp-content\/uploads\/2023\/06\/ad41-plus-1536x654.png 1536w, https:\/\/diasil.com.br\/wp-content\/uploads\/2023\/06\/ad41-plus-2048x872.png 2048w\" sizes=\"(max-width: 900px) 100vw, 900px\" \/>\t\t\t\t\t\t\t\t\t\t\t\t\t<\/div>\n\t\t\t\t<\/div>\n\t\t\t\t<div class=\"elementor-element elementor-element-1193e696 elementor-widget elementor-widget-image\" data-id=\"1193e696\" data-element_type=\"widget\" data-widget_type=\"image.default\">\n\t\t\t\t<div class=\"elementor-widget-container\">\n\t\t\t\t\t\t\t\t\t\t\t\t\t<img decoding=\"async\" width=\"350\" height=\"350\" src=\"https:\/\/diasil.com.br\/wp-content\/uploads\/2023\/06\/ad41sitep.png\" class=\"attachment-full size-full wp-image-1196\" alt=\"\" srcset=\"https:\/\/diasil.com.br\/wp-content\/uploads\/2023\/06\/ad41sitep.png 350w, https:\/\/diasil.com.br\/wp-content\/uploads\/2023\/06\/ad41sitep-300x300.png 300w, https:\/\/diasil.com.br\/wp-content\/uploads\/2023\/06\/ad41sitep-150x150.png 150w\" sizes=\"(max-width: 350px) 100vw, 350px\" \/>\t\t\t\t\t\t\t\t\t\t\t\t\t<\/div>\n\t\t\t\t<\/div>\n\t\t\t\t<div class=\"elementor-element elementor-element-76734cbf elementor-widget elementor-widget-text-editor\" data-id=\"76734cbf\" data-element_type=\"widget\" data-widget_type=\"text-editor.default\">\n\t\t\t\t<div class=\"elementor-widget-container\">\n\t\t\t<style>\/*! elementor - v3.19.0 - 28-02-2024 *\/\n.elementor-widget-text-editor.elementor-drop-cap-view-stacked .elementor-drop-cap{background-color:#69727d;color:#fff}.elementor-widget-text-editor.elementor-drop-cap-view-framed .elementor-drop-cap{color:#69727d;border:3px solid;background-color:transparent}.elementor-widget-text-editor:not(.elementor-drop-cap-view-default) .elementor-drop-cap{margin-top:8px}.elementor-widget-text-editor:not(.elementor-drop-cap-view-default) .elementor-drop-cap-letter{width:1em;height:1em}.elementor-widget-text-editor .elementor-drop-cap{float:left;text-align:center;line-height:1;font-size:50px}.elementor-widget-text-editor .elementor-drop-cap-letter{display:inline-block}<\/style>\t\t\t\t<h6><span style=\"color: #ffffff;\"><strong>Produzido por DIASIL QU\u00cdMICA LTDA<\/strong><\/span><br \/><span style=\"color: #ffffff;\"><strong>Registro no MAPA: 80810-5<\/strong><\/span><br \/><span style=\"color: #ffffff;\"><strong>CNPJ 69.040.541\/0001-40<\/strong><\/span><\/h6>\t\t\t\t\t\t<\/div>\n\t\t\t\t<\/div>\n\t\t\t\t\t<\/div>\n\t\t<\/div>\n\t\t\t\t<div class=\"elementor-column elementor-col-50 elementor-top-column elementor-element elementor-element-46392b0d\" data-id=\"46392b0d\" data-element_type=\"column\">\n\t\t\t<div class=\"elementor-widget-wrap elementor-element-populated\">\n\t\t\t\t\t\t<div class=\"elementor-element elementor-element-18322881 elementor-widget elementor-widget-text-editor\" data-id=\"18322881\" data-element_type=\"widget\" data-widget_type=\"text-editor.default\">\n\t\t\t\t<div class=\"elementor-widget-container\">\n\t\t\t\t\t\t\t<p>AD41 \u00e9 um Espalhante adesivo<br \/>Umectante Penetrante.<\/p><p>AD 41 \u00e9 um adjuvante composto por propriedades especiais e multifuncionais como: super espalhante adesivo, umectante, penetrante e anti deriva.<\/p><p>Sendo indicado para as aplica\u00e7\u00f5es de inseticidas, fungicidas (qu\u00edmicos e biol\u00f3gicos), e herbicidas, desta forma aumentando a efici\u00eancia dos produtos, o que apresenta grandes benef\u00edcios ambientais, agron\u00f4micos e financeiros.<span data-ccp-props=\"{\">\u00a0<\/span><\/p><p>\u00a0<\/p><table class=\"tabelaproduto\" data-tablestyle=\"MsoTableGrid\" data-tablelook=\"1696\"><tbody><tr><th data-celllook=\"0\"><span data-contrast=\"auto\">DOSAGEM<\/span><\/th><\/tr><tr><td data-celllook=\"0\"><span data-contrast=\"auto\">0,5% da calda<\/span><\/td><\/tr><\/tbody><\/table><p>\u00a0<\/p>\t\t\t\t\t\t<\/div>\n\t\t\t\t<\/div>\n\t\t\t\t\t<\/div>\n\t\t<\/div>\n\t\t\t\t\t<\/div>\n\t\t<\/section>\n\t\t\t\t<\/div>\n\t\t","protected":false},"excerpt":{"rendered":"<p>PRODUTOS Produzido por DIASIL QU\u00cdMICA LTDARegistro no MAPA: 80810-5CNPJ 69.040.541\/0001-40 AD41 \u00e9 um Espalhante adesivoUmectante Penetrante. AD 41 \u00e9 um adjuvante composto por propriedades especiais e multifuncionais como: super espalhante adesivo, umectante, penetrante e anti deriva. Sendo indicado para as aplica\u00e7\u00f5es de inseticidas, fungicidas (qu\u00edmicos e biol\u00f3gicos), e herbicidas, desta forma aumentando a efici\u00eancia dos [&hellip;]<\/p>\n","protected":false},"author":1,"featured_media":0,"parent":0,"menu_order":0,"comment_status":"closed","ping_status":"closed","template":"elementor_header_footer","meta":{"inline_featured_image":false,"footnotes":""},"class_list":["post-1194","page","type-page","status-publish","hentry"],"_links":{"self":[{"href":"https:\/\/diasil.com.br\/index.php\/wp-json\/wp\/v2\/pages\/1194","targetHints":{"allow":["GET"]}}],"collection":[{"href":"https:\/\/diasil.com.br\/index.php\/wp-json\/wp\/v2\/pages"}],"about":[{"href":"https:\/\/diasil.com.br\/index.php\/wp-json\/wp\/v2\/types\/page"}],"author":[{"embeddable":true,"href":"https:\/\/diasil.com.br\/index.php\/wp-json\/wp\/v2\/users\/1"}],"replies":[{"embeddable":true,"href":"https:\/\/diasil.com.br\/index.php\/wp-json\/wp\/v2\/comments?post=1194"}],"version-history":[{"count":6,"href":"https:\/\/diasil.com.br\/index.php\/wp-json\/wp\/v2\/pages\/1194\/revisions"}],"predecessor-version":[{"id":1239,"href":"https:\/\/diasil.com.br\/index.php\/wp-json\/wp\/v2\/pages\/1194\/revisions\/1239"}],"wp:attachment":[{"href":"https:\/\/diasil.com.br\/index.php\/wp-json\/wp\/v2\/media?parent=1194"}],"curies":[{"name":"wp","href":"https:\/\/api.w.org\/{rel}","templated":true}]}}