{"id":1200,"date":"2023-06-02T16:05:14","date_gmt":"2023-06-02T16:05:14","guid":{"rendered":"http:\/\/diasil.com.br\/?page_id=1200"},"modified":"2025-12-01T14:49:47","modified_gmt":"2025-12-01T14:49:47","slug":"1200-2","status":"publish","type":"page","link":"https:\/\/diasil.com.br\/index.php\/fertilizantes\/1200-2\/","title":{"rendered":"DMIX"},"content":{"rendered":"\t\t<div data-elementor-type=\"wp-page\" data-elementor-id=\"1200\" class=\"elementor elementor-1200\">\n\t\t\t\t\t\t<section class=\"elementor-section elementor-top-section elementor-element elementor-element-7e24d7bb elementor-section-full_width elementor-section-height-default elementor-section-height-default\" data-id=\"7e24d7bb\" data-element_type=\"section\" id=\"header_paginas\">\n\t\t\t\t\t\t<div class=\"elementor-container elementor-column-gap-no\">\n\t\t\t\t\t<div class=\"elementor-column elementor-col-100 elementor-top-column elementor-element elementor-element-4f47e8c5\" data-id=\"4f47e8c5\" data-element_type=\"column\">\n\t\t\t<div class=\"elementor-widget-wrap elementor-element-populated\">\n\t\t\t\t\t\t<div class=\"elementor-element elementor-element-2c6e685c elementor-align-left elementor-widget elementor-widget-home-1-header\" data-id=\"2c6e685c\" data-element_type=\"widget\" data-widget_type=\"home-1-header.default\">\n\t\t\t\t<div class=\"elementor-widget-container\">\n\t\t\t\n\t\t<header>\n\t\t\t<div class=\"home-slider\">\n\t\t\t\t<!-- partial:index.partial.html -->\n\t\t\t\t<div class=\"hero-slider\" data-carousel>\n\t\t\t\t\t\t\t\t\t\t\t\t\t\t\t\t\t\t<div class=\"carousel-cell\" style=\"background-image:url(http:\/\/diasil.com.br\/wp-content\/uploads\/2021\/03\/diasil_capa02.png);\">\n\t\t\t\t\t\t\t\t\t\t\t\t\t\t<div class=\"overlay\"><\/div>\n\t\t\t\t\t\t\t<div class=\"container slider-caption\">\n\t\t\t\t\t\t\t\t\t\t\t\t\t\t\t\t\t\t\t\t\t\t\t\t\t<h2 class=\"title\">PRODUTOS<\/h2>\n\t\t\t\t\t\t\t\t\t\t\t\t\t\t\t\t<div class=\"slider-btn\">\n\t\t\t\t\t\t\t\t\t\t\t\t\t\t\t\t\t\t\t\t\t\t\t\t\t\t<\/div>\n\t\t\t\t\t\t\t<\/div>\n\t\t\t\t\t\t<\/div>\n\t\t\t\t\t\t\t\t\t\t\t<\/div>\n\t\t\t\t\t<!-- partial -->\n\t\t\t\t<\/div>\n\t\t\t<\/header>\n\t\t\t<\/div>\n\t\t\t\t<\/div>\n\t\t\t\t\t<\/div>\n\t\t<\/div>\n\t\t\t\t\t<\/div>\n\t\t<\/section>\n\t\t\t\t<section class=\"elementor-section elementor-top-section elementor-element elementor-element-cf14f9f elementor-section-boxed elementor-section-height-default elementor-section-height-default\" data-id=\"cf14f9f\" data-element_type=\"section\">\n\t\t\t\t\t\t<div class=\"elementor-container elementor-column-gap-default\">\n\t\t\t\t\t<div class=\"elementor-column elementor-col-50 elementor-top-column elementor-element elementor-element-6a41c14d\" data-id=\"6a41c14d\" data-element_type=\"column\">\n\t\t\t<div class=\"elementor-widget-wrap elementor-element-populated\">\n\t\t\t\t\t\t<div class=\"elementor-element elementor-element-74de9827 elementor-widget elementor-widget-image\" data-id=\"74de9827\" data-element_type=\"widget\" data-widget_type=\"image.default\">\n\t\t\t\t<div class=\"elementor-widget-container\">\n\t\t\t<style>\/*! elementor - v3.19.0 - 28-02-2024 *\/\n.elementor-widget-image{text-align:center}.elementor-widget-image a{display:inline-block}.elementor-widget-image a img[src$=\".svg\"]{width:48px}.elementor-widget-image img{vertical-align:middle;display:inline-block}<\/style>\t\t\t\t\t\t\t\t\t\t<img fetchpriority=\"high\" decoding=\"async\" width=\"900\" height=\"383\" src=\"https:\/\/diasil.com.br\/wp-content\/uploads\/2025\/12\/dmix-1024x436.png\" class=\"attachment-large size-large wp-image-1248\" alt=\"\" srcset=\"https:\/\/diasil.com.br\/wp-content\/uploads\/2025\/12\/dmix-1024x436.png 1024w, https:\/\/diasil.com.br\/wp-content\/uploads\/2025\/12\/dmix-300x128.png 300w, https:\/\/diasil.com.br\/wp-content\/uploads\/2025\/12\/dmix-768x327.png 768w, https:\/\/diasil.com.br\/wp-content\/uploads\/2025\/12\/dmix-1536x654.png 1536w, https:\/\/diasil.com.br\/wp-content\/uploads\/2025\/12\/dmix-2048x873.png 2048w\" sizes=\"(max-width: 900px) 100vw, 900px\" \/>\t\t\t\t\t\t\t\t\t\t\t\t\t<\/div>\n\t\t\t\t<\/div>\n\t\t\t\t<div class=\"elementor-element elementor-element-4513dd09 elementor-widget elementor-widget-image\" data-id=\"4513dd09\" data-element_type=\"widget\" data-widget_type=\"image.default\">\n\t\t\t\t<div class=\"elementor-widget-container\">\n\t\t\t\t\t\t\t\t\t\t\t\t\t<img decoding=\"async\" width=\"772\" height=\"1680\" src=\"https:\/\/diasil.com.br\/wp-content\/uploads\/2025\/12\/dmix-1.png\" class=\"attachment-full size-full wp-image-1249\" alt=\"\" srcset=\"https:\/\/diasil.com.br\/wp-content\/uploads\/2025\/12\/dmix-1.png 772w, https:\/\/diasil.com.br\/wp-content\/uploads\/2025\/12\/dmix-1-138x300.png 138w, https:\/\/diasil.com.br\/wp-content\/uploads\/2025\/12\/dmix-1-471x1024.png 471w, https:\/\/diasil.com.br\/wp-content\/uploads\/2025\/12\/dmix-1-768x1671.png 768w, https:\/\/diasil.com.br\/wp-content\/uploads\/2025\/12\/dmix-1-706x1536.png 706w\" sizes=\"(max-width: 772px) 100vw, 772px\" \/>\t\t\t\t\t\t\t\t\t\t\t\t\t<\/div>\n\t\t\t\t<\/div>\n\t\t\t\t<div class=\"elementor-element elementor-element-28991c79 elementor-widget elementor-widget-text-editor\" data-id=\"28991c79\" data-element_type=\"widget\" data-widget_type=\"text-editor.default\">\n\t\t\t\t<div class=\"elementor-widget-container\">\n\t\t\t<style>\/*! elementor - v3.19.0 - 28-02-2024 *\/\n.elementor-widget-text-editor.elementor-drop-cap-view-stacked .elementor-drop-cap{background-color:#69727d;color:#fff}.elementor-widget-text-editor.elementor-drop-cap-view-framed .elementor-drop-cap{color:#69727d;border:3px solid;background-color:transparent}.elementor-widget-text-editor:not(.elementor-drop-cap-view-default) .elementor-drop-cap{margin-top:8px}.elementor-widget-text-editor:not(.elementor-drop-cap-view-default) .elementor-drop-cap-letter{width:1em;height:1em}.elementor-widget-text-editor .elementor-drop-cap{float:left;text-align:center;line-height:1;font-size:50px}.elementor-widget-text-editor .elementor-drop-cap-letter{display:inline-block}<\/style>\t\t\t\t<h6><span style=\"color: #ffffff;\"><strong>Produzido por DIASIL QU\u00cdMICA LTDA<\/strong><\/span><\/h6>\t\t\t\t\t\t<\/div>\n\t\t\t\t<\/div>\n\t\t\t\t\t<\/div>\n\t\t<\/div>\n\t\t\t\t<div class=\"elementor-column elementor-col-50 elementor-top-column elementor-element elementor-element-e25459e\" data-id=\"e25459e\" data-element_type=\"column\">\n\t\t\t<div class=\"elementor-widget-wrap elementor-element-populated\">\n\t\t\t\t\t\t<div class=\"elementor-element elementor-element-245e8778 elementor-widget elementor-widget-text-editor\" data-id=\"245e8778\" data-element_type=\"widget\" data-widget_type=\"text-editor.default\">\n\t\t\t\t<div class=\"elementor-widget-container\">\n\t\t\t\t\t\t\t<p>D MIX \u00e9 um fertilizante organomineral que cont\u00e9m nitrog\u00eanio com subst\u00e2ncias h\u00famicas e aminoacidos. O nitrog\u00eanio \u00e9 um macronutriente indispens\u00e1vel ao desenvolvimento vegetal, sendo indicado para todas as culturas.<\/p><p><strong>Garantias: 1,0% N e 15% Cot.<\/strong><\/p><p><strong>\u00a0(18% de \u00e1cido fulvico, 8% de \u00e1cido h\u00famico e amino\u00e1cidos de salm\u00e3o).<\/strong><\/p><p><b>Benef\u00edcios:<\/b><\/p><p>&#8211; Bioestimulante natural.<br \/>&#8211; Amino\u00e1cidos de baixo peso molecular (lev\u00f3giros).<br \/>&#8211; Recupera\u00e7\u00e3o de plantas ap\u00f3s estresses abi\u00f3ticos.<br \/>&#8211; Destravar plantas ap\u00f3s fitotoxides de defensivos.<\/p><p><strong>\u00a0<\/strong><\/p><p><b>Culturas e dosagens:<\/b><\/p><p>Cereais = 1,0 L\/ha\/ciclo (dividir de 3 a 4 aplica\u00e7\u00f5es).<\/p><p>Cana de a\u00e7\u00facar = 1,0 a 1,5 L\/ha\/ciclo (dividir em 2 aplica\u00e7\u00f5es).<\/p><p>Citros = 1,0 a 2,0 L\/ha\/ciclo<\/p><p>Caf\u00e9 = 1,0 a 2,0 L\/ha\/ciclo (dividir de 3 a 4 aplica\u00e7\u00f5es).<\/p><p>Frutas = 1,0 a 2,0 L\/ha\/ciclo<\/p><p>HF= 1,0 L\/ha\/ciclo (aplicar a cada 7 ou 10 dias).<\/p>\t\t\t\t\t\t<\/div>\n\t\t\t\t<\/div>\n\t\t\t\t\t<\/div>\n\t\t<\/div>\n\t\t\t\t\t<\/div>\n\t\t<\/section>\n\t\t\t\t<\/div>\n\t\t","protected":false},"excerpt":{"rendered":"<p>PRODUTOS Produzido por DIASIL QU\u00cdMICA LTDA D MIX \u00e9 um fertilizante organomineral que cont\u00e9m nitrog\u00eanio com subst\u00e2ncias h\u00famicas e aminoacidos. O nitrog\u00eanio \u00e9 um macronutriente indispens\u00e1vel ao desenvolvimento vegetal, sendo indicado para todas as culturas. Garantias: 1,0% N e 15% Cot. \u00a0(18% de \u00e1cido fulvico, 8% de \u00e1cido h\u00famico e amino\u00e1cidos de salm\u00e3o). Benef\u00edcios: &#8211; [&hellip;]<\/p>\n","protected":false},"author":1,"featured_media":0,"parent":487,"menu_order":0,"comment_status":"closed","ping_status":"closed","template":"elementor_header_footer","meta":{"inline_featured_image":false,"footnotes":""},"class_list":["post-1200","page","type-page","status-publish","hentry"],"_links":{"self":[{"href":"https:\/\/diasil.com.br\/index.php\/wp-json\/wp\/v2\/pages\/1200","targetHints":{"allow":["GET"]}}],"collection":[{"href":"https:\/\/diasil.com.br\/index.php\/wp-json\/wp\/v2\/pages"}],"about":[{"href":"https:\/\/diasil.com.br\/index.php\/wp-json\/wp\/v2\/types\/page"}],"author":[{"embeddable":true,"href":"https:\/\/diasil.com.br\/index.php\/wp-json\/wp\/v2\/users\/1"}],"replies":[{"embeddable":true,"href":"https:\/\/diasil.com.br\/index.php\/wp-json\/wp\/v2\/comments?post=1200"}],"version-history":[{"count":8,"href":"https:\/\/diasil.com.br\/index.php\/wp-json\/wp\/v2\/pages\/1200\/revisions"}],"predecessor-version":[{"id":1273,"href":"https:\/\/diasil.com.br\/index.php\/wp-json\/wp\/v2\/pages\/1200\/revisions\/1273"}],"up":[{"embeddable":true,"href":"https:\/\/diasil.com.br\/index.php\/wp-json\/wp\/v2\/pages\/487"}],"wp:attachment":[{"href":"https:\/\/diasil.com.br\/index.php\/wp-json\/wp\/v2\/media?parent=1200"}],"curies":[{"name":"wp","href":"https:\/\/api.w.org\/{rel}","templated":true}]}}