{"id":1244,"date":"2025-12-01T14:21:13","date_gmt":"2025-12-01T14:21:13","guid":{"rendered":"https:\/\/diasil.com.br\/?page_id=1244"},"modified":"2025-12-01T15:27:34","modified_gmt":"2025-12-01T15:27:34","slug":"dcot","status":"publish","type":"page","link":"https:\/\/diasil.com.br\/index.php\/fertilizantes\/dcot\/","title":{"rendered":"DCOT"},"content":{"rendered":"\t\t<div data-elementor-type=\"wp-page\" data-elementor-id=\"1244\" class=\"elementor elementor-1244\">\n\t\t\t\t\t\t<section class=\"elementor-section elementor-top-section elementor-element elementor-element-4dbc8fe3 elementor-section-full_width elementor-section-height-default elementor-section-height-default\" data-id=\"4dbc8fe3\" data-element_type=\"section\" id=\"header_paginas\">\n\t\t\t\t\t\t<div class=\"elementor-container elementor-column-gap-no\">\n\t\t\t\t\t<div class=\"elementor-column elementor-col-100 elementor-top-column elementor-element elementor-element-6080504e\" data-id=\"6080504e\" data-element_type=\"column\">\n\t\t\t<div class=\"elementor-widget-wrap elementor-element-populated\">\n\t\t\t\t\t\t<div class=\"elementor-element elementor-element-eaf650 elementor-align-left elementor-widget elementor-widget-home-1-header\" data-id=\"eaf650\" data-element_type=\"widget\" id=\"header_p\u00e1ginas\" data-widget_type=\"home-1-header.default\">\n\t\t\t\t<div class=\"elementor-widget-container\">\n\t\t\t\n\t\t<header>\n\t\t\t<div class=\"home-slider\">\n\t\t\t\t<!-- partial:index.partial.html -->\n\t\t\t\t<div class=\"hero-slider\" data-carousel>\n\t\t\t\t\t\t\t\t\t\t\t\t\t\t\t\t\t\t<div class=\"carousel-cell\" style=\"background-image:url(http:\/\/diasil.com.br\/wp-content\/uploads\/2021\/03\/diasil_capa01-1.jpg);\">\n\t\t\t\t\t\t\t\t\t\t\t\t\t\t<div class=\"overlay\"><\/div>\n\t\t\t\t\t\t\t<div class=\"container slider-caption\">\n\t\t\t\t\t\t\t\t\t\t\t\t\t\t\t\t\t\t\t\t\t\t\t\t\t<h2 class=\"title\">ADJUVANTES<\/h2>\n\t\t\t\t\t\t\t\t\t\t\t\t\t\t\t\t<div class=\"slider-btn\">\n\t\t\t\t\t\t\t\t\t\t\t\t\t\t\t\t\t\t\t\t\t\t\t\t\t\t<\/div>\n\t\t\t\t\t\t\t<\/div>\n\t\t\t\t\t\t<\/div>\n\t\t\t\t\t\t\t\t\t\t\t<\/div>\n\t\t\t\t\t<!-- partial -->\n\t\t\t\t<\/div>\n\t\t\t<\/header>\n\t\t\t<\/div>\n\t\t\t\t<\/div>\n\t\t\t\t\t<\/div>\n\t\t<\/div>\n\t\t\t\t\t<\/div>\n\t\t<\/section>\n\t\t\t\t<section class=\"elementor-section elementor-top-section elementor-element elementor-element-30d3c856 elementor-section-boxed elementor-section-height-default elementor-section-height-default\" data-id=\"30d3c856\" data-element_type=\"section\">\n\t\t\t\t\t\t<div class=\"elementor-container elementor-column-gap-default\">\n\t\t\t\t\t<div class=\"elementor-column elementor-col-50 elementor-top-column elementor-element elementor-element-500e832b\" data-id=\"500e832b\" data-element_type=\"column\">\n\t\t\t<div class=\"elementor-widget-wrap elementor-element-populated\">\n\t\t\t\t\t\t<div class=\"elementor-element elementor-element-3a022465 elementor-widget elementor-widget-image\" data-id=\"3a022465\" data-element_type=\"widget\" data-widget_type=\"image.default\">\n\t\t\t\t<div class=\"elementor-widget-container\">\n\t\t\t<style>\/*! elementor - v3.19.0 - 28-02-2024 *\/\n.elementor-widget-image{text-align:center}.elementor-widget-image a{display:inline-block}.elementor-widget-image a img[src$=\".svg\"]{width:48px}.elementor-widget-image img{vertical-align:middle;display:inline-block}<\/style>\t\t\t\t\t\t\t\t\t\t<img fetchpriority=\"high\" decoding=\"async\" width=\"900\" height=\"383\" src=\"https:\/\/diasil.com.br\/wp-content\/uploads\/2025\/12\/DCOT-1-1024x436.png\" class=\"attachment-large size-large wp-image-1282\" alt=\"\" srcset=\"https:\/\/diasil.com.br\/wp-content\/uploads\/2025\/12\/DCOT-1-1024x436.png 1024w, https:\/\/diasil.com.br\/wp-content\/uploads\/2025\/12\/DCOT-1-300x128.png 300w, https:\/\/diasil.com.br\/wp-content\/uploads\/2025\/12\/DCOT-1-768x327.png 768w, https:\/\/diasil.com.br\/wp-content\/uploads\/2025\/12\/DCOT-1.png 1293w\" sizes=\"(max-width: 900px) 100vw, 900px\" \/>\t\t\t\t\t\t\t\t\t\t\t\t\t<\/div>\n\t\t\t\t<\/div>\n\t\t\t\t<div class=\"elementor-element elementor-element-638e4cb2 elementor-widget elementor-widget-image\" data-id=\"638e4cb2\" data-element_type=\"widget\" data-widget_type=\"image.default\">\n\t\t\t\t<div class=\"elementor-widget-container\">\n\t\t\t\t\t\t\t\t\t\t\t\t\t<img decoding=\"async\" width=\"1080\" height=\"1080\" src=\"https:\/\/diasil.com.br\/wp-content\/uploads\/2025\/12\/DCOT.png\" class=\"attachment-full size-full wp-image-1281\" alt=\"\" srcset=\"https:\/\/diasil.com.br\/wp-content\/uploads\/2025\/12\/DCOT.png 1080w, https:\/\/diasil.com.br\/wp-content\/uploads\/2025\/12\/DCOT-300x300.png 300w, https:\/\/diasil.com.br\/wp-content\/uploads\/2025\/12\/DCOT-1024x1024.png 1024w, https:\/\/diasil.com.br\/wp-content\/uploads\/2025\/12\/DCOT-150x150.png 150w, https:\/\/diasil.com.br\/wp-content\/uploads\/2025\/12\/DCOT-768x768.png 768w\" sizes=\"(max-width: 1080px) 100vw, 1080px\" \/>\t\t\t\t\t\t\t\t\t\t\t\t\t<\/div>\n\t\t\t\t<\/div>\n\t\t\t\t<div class=\"elementor-element elementor-element-6bc69806 elementor-widget elementor-widget-text-editor\" data-id=\"6bc69806\" data-element_type=\"widget\" data-widget_type=\"text-editor.default\">\n\t\t\t\t<div class=\"elementor-widget-container\">\n\t\t\t<style>\/*! elementor - v3.19.0 - 28-02-2024 *\/\n.elementor-widget-text-editor.elementor-drop-cap-view-stacked .elementor-drop-cap{background-color:#69727d;color:#fff}.elementor-widget-text-editor.elementor-drop-cap-view-framed .elementor-drop-cap{color:#69727d;border:3px solid;background-color:transparent}.elementor-widget-text-editor:not(.elementor-drop-cap-view-default) .elementor-drop-cap{margin-top:8px}.elementor-widget-text-editor:not(.elementor-drop-cap-view-default) .elementor-drop-cap-letter{width:1em;height:1em}.elementor-widget-text-editor .elementor-drop-cap{float:left;text-align:center;line-height:1;font-size:50px}.elementor-widget-text-editor .elementor-drop-cap-letter{display:inline-block}<\/style>\t\t\t\t<h6><span style=\"color: #ffffff;\"><strong>Produzido por DIASIL QU\u00cdMICA LTDA<\/strong><\/span><\/h6>\t\t\t\t\t\t<\/div>\n\t\t\t\t<\/div>\n\t\t\t\t\t<\/div>\n\t\t<\/div>\n\t\t\t\t<div class=\"elementor-column elementor-col-50 elementor-top-column elementor-element elementor-element-46ec5ad1\" data-id=\"46ec5ad1\" data-element_type=\"column\">\n\t\t\t<div class=\"elementor-widget-wrap elementor-element-populated\">\n\t\t\t\t\t\t<div class=\"elementor-element elementor-element-23e78179 elementor-widget elementor-widget-text-editor\" data-id=\"23e78179\" data-element_type=\"widget\" data-widget_type=\"text-editor.default\">\n\t\t\t\t<div class=\"elementor-widget-container\">\n\t\t\t\t\t\t\t<p><b>D COT<\/b> \u00e9 um fertilizante organomineral que cont\u00e9m pot\u00e1ssio com<br \/>subst\u00e2ncias h\u00famicas e aminoacidos. <br \/>O pot\u00e1ssio \u00e9 um macronutriente indispens\u00e1vel ao desenvolvimento <br \/>vegetal, sendo indicado para todas as culturas.<\/p><p><strong><b>Garantias<\/b>: 1,0% N e 15% Cot.<\/strong><\/p><p><b><i>\u00a0(18% de \u00e1cido fulvico, 8% de \u00e1cido h\u00famico e amino\u00e1cidos de salm\u00e3o).<\/i><\/b><\/p><p><strong><b>Benef\u00edcios<\/b>:<\/strong><\/p><p>\u25cf Melhora a germina\u00e7\u00e3o (rompimento da semente).<br \/>\u25cf Estimula o desenvolvimento radicular.<br \/>\u25cf Estruturador de solo, melhora a atividade f\u00edsica e qu\u00edmica do solo.<br \/>\u25cf Aumenta a reten\u00e7\u00e3o de \u00e1gua ao redor das ra\u00edzes.<br \/>\u25cf Facilita a disponibilidade de nutrientes.<br \/>\u25cf Aumenta a atividade microbiana do solo.<br \/>\u25cf Estimula a forma\u00e7\u00e3o e libera\u00e7\u00e3o de exsudatos.<\/p><p><b>Culturas e dosagens:<\/b><\/p><table width=\"381\"><tbody><tr><td width=\"80\">\u00a0<\/td><td width=\"102\">Dose\/ha\u00a0<\/td><td width=\"199\">\u00a0\u00a0\u00a0\u00a0\u00a0\u00a0 Via Foliar ou Via Solo<\/td><\/tr><tr><td>Culturas<\/td><td>\u00a0<\/td><td width=\"199\">\u00c9poca de Aplica\u00e7\u00e3o<\/td><\/tr><tr><td width=\"80\">Cereais, leguminosas<\/td><td>\u00a0 1 ,0 a 3,0 L\/ha<\/td><td width=\"199\">Via Solo: Sulco semeadura<\/td><\/tr><tr><td width=\"80\">Cereais, leguminosas<\/td><td>\u00a0 0,5 a 2,0 L\/ha<\/td><td width=\"199\">Via Foliar: 2 aplica\u00e7\u00f5es no ciclo<\/td><\/tr><tr><td width=\"80\">Caf\u00e9, Citros, Frutas<\/td><td>\u00a0 3,0 a 10 L\/ha<\/td><td width=\"199\">Via Solo: Gotejamento 3 a 4 aplica\u00e7\u00f5es no ciclo<\/td><\/tr><tr><td width=\"80\">Caf\u00e9, Citros, Frutas<\/td><td>\u00a0 2,0 a 5,0 L\/ha<\/td><td width=\"199\">Via Foliar: 2 aplica\u00e7\u00f5es no ciclo<\/td><\/tr><tr><td width=\"80\">Cana de a\u00e7\u00facar<\/td><td>\u00a0 3,0\u00a0 a 10 L\/ha<\/td><td width=\"199\">Via Solo: plantio e corte de soqueira<\/td><\/tr><tr><td width=\"80\">HF e Hortali\u00e7as<\/td><td width=\"102\">2,0 a 5,0 L\/ha\u00a0\u00a0\u00a0\u00a0\u00a0\u00a0\u00a0\u00a0\u00a0\u00a0<\/td><td width=\"199\">Via Foliar: aplicar a cada 7 ou 10 dias<\/td><\/tr><tr><td width=\"80\">HF e Hortali\u00e7as<\/td><td width=\"102\">3,0\u00a0 a 10 L\/ha.\u00a0\u00a0<\/td><td width=\"199\">Via Solo: dose por planta aplicar semanalmente por gotejo<\/td><\/tr><\/tbody><\/table>\t\t\t\t\t\t<\/div>\n\t\t\t\t<\/div>\n\t\t\t\t\t<\/div>\n\t\t<\/div>\n\t\t\t\t\t<\/div>\n\t\t<\/section>\n\t\t\t\t<\/div>\n\t\t","protected":false},"excerpt":{"rendered":"<p>ADJUVANTES Produzido por DIASIL QU\u00cdMICA LTDA D COT \u00e9 um fertilizante organomineral que cont\u00e9m pot\u00e1ssio com subst\u00e2ncias h\u00famicas e aminoacidos. O pot\u00e1ssio \u00e9 um macronutriente indispens\u00e1vel ao desenvolvimento vegetal, sendo indicado para todas as culturas. Garantias: 1,0% N e 15% Cot. \u00a0(18% de \u00e1cido fulvico, 8% de \u00e1cido h\u00famico e amino\u00e1cidos de salm\u00e3o). Benef\u00edcios: \u25cf [&hellip;]<\/p>\n","protected":false},"author":1,"featured_media":0,"parent":487,"menu_order":0,"comment_status":"closed","ping_status":"closed","template":"elementor_header_footer","meta":{"inline_featured_image":false,"footnotes":""},"class_list":["post-1244","page","type-page","status-publish","hentry"],"_links":{"self":[{"href":"https:\/\/diasil.com.br\/index.php\/wp-json\/wp\/v2\/pages\/1244","targetHints":{"allow":["GET"]}}],"collection":[{"href":"https:\/\/diasil.com.br\/index.php\/wp-json\/wp\/v2\/pages"}],"about":[{"href":"https:\/\/diasil.com.br\/index.php\/wp-json\/wp\/v2\/types\/page"}],"author":[{"embeddable":true,"href":"https:\/\/diasil.com.br\/index.php\/wp-json\/wp\/v2\/users\/1"}],"replies":[{"embeddable":true,"href":"https:\/\/diasil.com.br\/index.php\/wp-json\/wp\/v2\/comments?post=1244"}],"version-history":[{"count":16,"href":"https:\/\/diasil.com.br\/index.php\/wp-json\/wp\/v2\/pages\/1244\/revisions"}],"predecessor-version":[{"id":1295,"href":"https:\/\/diasil.com.br\/index.php\/wp-json\/wp\/v2\/pages\/1244\/revisions\/1295"}],"up":[{"embeddable":true,"href":"https:\/\/diasil.com.br\/index.php\/wp-json\/wp\/v2\/pages\/487"}],"wp:attachment":[{"href":"https:\/\/diasil.com.br\/index.php\/wp-json\/wp\/v2\/media?parent=1244"}],"curies":[{"name":"wp","href":"https:\/\/api.w.org\/{rel}","templated":true}]}}