{"id":235,"date":"2021-03-17T15:50:54","date_gmt":"2021-03-17T15:50:54","guid":{"rendered":"http:\/\/diasil.com.br\/?page_id=235"},"modified":"2023-05-23T14:32:43","modified_gmt":"2023-05-23T14:32:43","slug":"a-diasil","status":"publish","type":"page","link":"https:\/\/diasil.com.br\/index.php\/a-diasil\/","title":{"rendered":"A Diasil"},"content":{"rendered":"\t\t<div data-elementor-type=\"wp-page\" data-elementor-id=\"235\" class=\"elementor elementor-235\">\n\t\t\t\t\t\t<section class=\"elementor-section elementor-top-section elementor-element elementor-element-1cc5047 elementor-section-full_width elementor-section-height-default elementor-section-height-default\" data-id=\"1cc5047\" data-element_type=\"section\" id=\"header_paginas\">\n\t\t\t\t\t\t<div class=\"elementor-container elementor-column-gap-no\">\n\t\t\t\t\t<div class=\"elementor-column elementor-col-100 elementor-top-column elementor-element elementor-element-5a9fe58\" data-id=\"5a9fe58\" data-element_type=\"column\">\n\t\t\t<div class=\"elementor-widget-wrap elementor-element-populated\">\n\t\t\t\t\t\t<div class=\"elementor-element elementor-element-d1d6c80 elementor-align-left elementor-widget elementor-widget-home-1-header\" data-id=\"d1d6c80\" data-element_type=\"widget\" data-widget_type=\"home-1-header.default\">\n\t\t\t\t<div class=\"elementor-widget-container\">\n\t\t\t\n\t\t<header>\n\t\t\t<div class=\"home-slider\">\n\t\t\t\t<!-- partial:index.partial.html -->\n\t\t\t\t<div class=\"hero-slider\" data-carousel>\n\t\t\t\t\t\t\t\t\t\t\t\t\t\t\t\t\t\t<div class=\"carousel-cell\" style=\"background-image:url(http:\/\/diasil.com.br\/wp-content\/uploads\/2021\/03\/diasil_capa01-1.jpg);\">\n\t\t\t\t\t\t\t\t\t\t\t\t\t\t<div class=\"overlay\"><\/div>\n\t\t\t\t\t\t\t<div class=\"container slider-caption\">\n\t\t\t\t\t\t\t\t\t\t\t\t\t\t\t\t\t\t\t\t\t\t\t\t\t<h2 class=\"title\">A DIASIL<\/h2>\n\t\t\t\t\t\t\t\t\t\t\t\t\t\t\t\t<div class=\"slider-btn\">\n\t\t\t\t\t\t\t\t\t\t\t\t\t\t\t\t\t\t\t\t\t\t\t\t\t\t<\/div>\n\t\t\t\t\t\t\t<\/div>\n\t\t\t\t\t\t<\/div>\n\t\t\t\t\t\t\t\t\t\t\t<\/div>\n\t\t\t\t\t<!-- partial -->\n\t\t\t\t<\/div>\n\t\t\t<\/header>\n\t\t\t<\/div>\n\t\t\t\t<\/div>\n\t\t\t\t\t<\/div>\n\t\t<\/div>\n\t\t\t\t\t<\/div>\n\t\t<\/section>\n\t\t\t\t<section class=\"elementor-section elementor-top-section elementor-element elementor-element-615174a elementor-section-boxed elementor-section-height-default elementor-section-height-default\" data-id=\"615174a\" data-element_type=\"section\">\n\t\t\t\t\t\t<div class=\"elementor-container elementor-column-gap-default\">\n\t\t\t\t\t<div class=\"elementor-column elementor-col-50 elementor-top-column elementor-element elementor-element-3c37abb\" data-id=\"3c37abb\" data-element_type=\"column\">\n\t\t\t<div class=\"elementor-widget-wrap elementor-element-populated\">\n\t\t\t\t\t\t<div class=\"elementor-element elementor-element-331fed8 elementor-widget elementor-widget-text-editor\" data-id=\"331fed8\" data-element_type=\"widget\" data-widget_type=\"text-editor.default\">\n\t\t\t\t<div class=\"elementor-widget-container\">\n\t\t\t<style>\/*! elementor - v3.19.0 - 28-02-2024 *\/\n.elementor-widget-text-editor.elementor-drop-cap-view-stacked .elementor-drop-cap{background-color:#69727d;color:#fff}.elementor-widget-text-editor.elementor-drop-cap-view-framed .elementor-drop-cap{color:#69727d;border:3px solid;background-color:transparent}.elementor-widget-text-editor:not(.elementor-drop-cap-view-default) .elementor-drop-cap{margin-top:8px}.elementor-widget-text-editor:not(.elementor-drop-cap-view-default) .elementor-drop-cap-letter{width:1em;height:1em}.elementor-widget-text-editor .elementor-drop-cap{float:left;text-align:center;line-height:1;font-size:50px}.elementor-widget-text-editor .elementor-drop-cap-letter{display:inline-block}<\/style>\t\t\t\t<h2>DIASIL, FERTILIZANTES E ADJUVANTES PARA CALDAS AGR\u00cdCOLAS<\/h2>\n<p>Desde 1992 a Diasil vem proporcionando solu\u00e7\u00f5es para aumentar a produtividade no campo.<\/p>\n<p><span style=\"color: var(--main-text-color); font-family: 'Open Sans', sans-serif; font-size: 14px; font-weight: 400;\">Com o uso de mat\u00e9rias primas da mais alta qualidade na fabrica\u00e7\u00e3o de seus produtos.<\/span><\/p>\n<p>A Diasil possui capacidade de produzir uma completa linha de fertilizantes e adjuvantes para uso em caldas agr\u00edcolas para diversos tipos de cultura.<\/p>\n<p>Nossa unidade situada em Santo Ant\u00f4nio de Posse, no interior de S\u00e3o Paulo, tem estrutura de desenvolvimento e an\u00e1lise de produtos, em laborat\u00f3rio pr\u00f3prio e de parceiros;<\/p>\n<p>Contamos tamb\u00e9m com amplo centro de armazenamento e log\u00edstica para atender e despachar nossos produtos;<\/p><p>Desde 2023 come\u00e7amos a parceria com a Aminochem, ind\u00fastria Chilena do setor de agro, onde somos distribuidores exclusivos nos estados de MG, SP, PR, SC e RS.<\/p>\n<p>O departamento administrativo garante profissionalismo e transpar\u00eancia no relacionamento com nossos parceiros, fornecedores e clientes.<\/p>\n<p>Conhe\u00e7a e comprove a efici\u00eancia e qualidade dos produtos Diasil.<\/p>\n<p>Diasil, tecnologia e produtividade para a sua lavoura.<\/p>\t\t\t\t\t\t<\/div>\n\t\t\t\t<\/div>\n\t\t\t\t\t<\/div>\n\t\t<\/div>\n\t\t\t\t<div class=\"elementor-column elementor-col-50 elementor-top-column elementor-element elementor-element-79d19c4\" data-id=\"79d19c4\" data-element_type=\"column\">\n\t\t\t<div class=\"elementor-widget-wrap elementor-element-populated\">\n\t\t\t\t\t\t<div class=\"elementor-element elementor-element-a973e17 elementor-widget elementor-widget-video\" data-id=\"a973e17\" data-element_type=\"widget\" data-settings=\"{&quot;video_type&quot;:&quot;hosted&quot;,&quot;controls&quot;:&quot;yes&quot;}\" data-widget_type=\"video.default\">\n\t\t\t\t<div class=\"elementor-widget-container\">\n\t\t\t<style>\/*! elementor - v3.19.0 - 28-02-2024 *\/\n.elementor-widget-video .elementor-widget-container{overflow:hidden;transform:translateZ(0)}.elementor-widget-video .elementor-wrapper{aspect-ratio:var(--video-aspect-ratio)}.elementor-widget-video .elementor-wrapper iframe,.elementor-widget-video .elementor-wrapper video{height:100%;width:100%;display:flex;border:none;background-color:#000}@supports not (aspect-ratio:1\/1){.elementor-widget-video .elementor-wrapper{position:relative;overflow:hidden;height:0;padding-bottom:calc(100% \/ var(--video-aspect-ratio))}.elementor-widget-video .elementor-wrapper iframe,.elementor-widget-video .elementor-wrapper video{position:absolute;top:0;right:0;bottom:0;left:0}}.elementor-widget-video .elementor-open-inline .elementor-custom-embed-image-overlay{position:absolute;top:0;right:0;bottom:0;left:0;background-size:cover;background-position:50%}.elementor-widget-video .elementor-custom-embed-image-overlay{cursor:pointer;text-align:center}.elementor-widget-video .elementor-custom-embed-image-overlay:hover .elementor-custom-embed-play i{opacity:1}.elementor-widget-video .elementor-custom-embed-image-overlay img{display:block;width:100%;aspect-ratio:var(--video-aspect-ratio);-o-object-fit:cover;object-fit:cover;-o-object-position:center center;object-position:center center}@supports not (aspect-ratio:1\/1){.elementor-widget-video .elementor-custom-embed-image-overlay{position:relative;overflow:hidden;height:0;padding-bottom:calc(100% \/ var(--video-aspect-ratio))}.elementor-widget-video .elementor-custom-embed-image-overlay img{position:absolute;top:0;right:0;bottom:0;left:0}}.elementor-widget-video .e-hosted-video .elementor-video{-o-object-fit:cover;object-fit:cover}.e-con-inner>.elementor-widget-video,.e-con>.elementor-widget-video{width:var(--container-widget-width);--flex-grow:var(--container-widget-flex-grow)}<\/style>\t\t<div class=\"e-hosted-video elementor-wrapper elementor-open-inline\">\n\t\t\t\t\t<video class=\"elementor-video\" src=\"http:\/\/diasil.com.br\/wp-content\/uploads\/2021\/03\/apresenta\u00e7\u00e3o diasil.mp4\" controls=\"\" preload=\"metadata\" controlsList=\"nodownload\" poster=\"http:\/\/diasil.com.br\/wp-content\/uploads\/2021\/04\/capa_video_diasil.png\"><\/video>\n\t\t\t\t<\/div>\n\t\t\t\t<\/div>\n\t\t\t\t<\/div>\n\t\t\t\t<div class=\"elementor-element elementor-element-0733569 elementor-widget elementor-widget-text-editor\" data-id=\"0733569\" data-element_type=\"widget\" data-widget_type=\"text-editor.default\">\n\t\t\t\t<div class=\"elementor-widget-container\">\n\t\t\t\t\t\t\tConhe\u00e7a nossa linha\u00a0 completa de produtos\t\t\t\t\t\t<\/div>\n\t\t\t\t<\/div>\n\t\t\t\t<section class=\"elementor-section elementor-inner-section elementor-element elementor-element-c080b95 elementor-section-boxed elementor-section-height-default elementor-section-height-default\" data-id=\"c080b95\" data-element_type=\"section\">\n\t\t\t\t\t\t<div class=\"elementor-container elementor-column-gap-default\">\n\t\t\t\t\t<div class=\"elementor-column elementor-col-50 elementor-inner-column elementor-element elementor-element-4543ad3\" data-id=\"4543ad3\" data-element_type=\"column\">\n\t\t\t<div class=\"elementor-widget-wrap elementor-element-populated\">\n\t\t\t\t\t\t<div class=\"elementor-element elementor-element-17cd4e0 elementor-align-center elementor-widget elementor-widget-button\" data-id=\"17cd4e0\" data-element_type=\"widget\" data-widget_type=\"button.default\">\n\t\t\t\t<div class=\"elementor-widget-container\">\n\t\t\t\t\t<div class=\"elementor-button-wrapper\">\n\t\t\t<a class=\"elementor-button elementor-button-link elementor-size-sm\" href=\"http:\/\/diasil.com.br\/index.php\/adjuvantes\/\">\n\t\t\t\t\t\t<span class=\"elementor-button-content-wrapper\">\n\t\t\t\t\t\t<span class=\"elementor-button-text\">ADJUVANTES<\/span>\n\t\t<\/span>\n\t\t\t\t\t<\/a>\n\t\t<\/div>\n\t\t\t\t<\/div>\n\t\t\t\t<\/div>\n\t\t\t\t\t<\/div>\n\t\t<\/div>\n\t\t\t\t<div class=\"elementor-column elementor-col-50 elementor-inner-column elementor-element elementor-element-531495a\" data-id=\"531495a\" data-element_type=\"column\">\n\t\t\t<div class=\"elementor-widget-wrap elementor-element-populated\">\n\t\t\t\t\t\t<div class=\"elementor-element elementor-element-9073f6f elementor-align-center elementor-widget elementor-widget-button\" data-id=\"9073f6f\" data-element_type=\"widget\" data-widget_type=\"button.default\">\n\t\t\t\t<div class=\"elementor-widget-container\">\n\t\t\t\t\t<div class=\"elementor-button-wrapper\">\n\t\t\t<a class=\"elementor-button elementor-button-link elementor-size-sm\" href=\"http:\/\/diasil.com.br\/index.php\/fertilizantes\/\">\n\t\t\t\t\t\t<span class=\"elementor-button-content-wrapper\">\n\t\t\t\t\t\t<span class=\"elementor-button-text\">FERTILIZANTES<\/span>\n\t\t<\/span>\n\t\t\t\t\t<\/a>\n\t\t<\/div>\n\t\t\t\t<\/div>\n\t\t\t\t<\/div>\n\t\t\t\t\t<\/div>\n\t\t<\/div>\n\t\t\t\t\t<\/div>\n\t\t<\/section>\n\t\t\t\t\t<\/div>\n\t\t<\/div>\n\t\t\t\t\t<\/div>\n\t\t<\/section>\n\t\t\t\t<\/div>\n\t\t","protected":false},"excerpt":{"rendered":"<p>A DIASIL DIASIL, FERTILIZANTES E ADJUVANTES PARA CALDAS AGR\u00cdCOLAS Desde 1992 a Diasil vem proporcionando solu\u00e7\u00f5es para aumentar a produtividade no campo. Com o uso de mat\u00e9rias primas da mais alta qualidade na fabrica\u00e7\u00e3o de seus produtos. A Diasil possui capacidade de produzir uma completa linha de fertilizantes e adjuvantes para uso em caldas agr\u00edcolas [&hellip;]<\/p>\n","protected":false},"author":1,"featured_media":0,"parent":0,"menu_order":0,"comment_status":"closed","ping_status":"closed","template":"elementor_header_footer","meta":{"inline_featured_image":false,"footnotes":""},"class_list":["post-235","page","type-page","status-publish","hentry"],"_links":{"self":[{"href":"https:\/\/diasil.com.br\/index.php\/wp-json\/wp\/v2\/pages\/235","targetHints":{"allow":["GET"]}}],"collection":[{"href":"https:\/\/diasil.com.br\/index.php\/wp-json\/wp\/v2\/pages"}],"about":[{"href":"https:\/\/diasil.com.br\/index.php\/wp-json\/wp\/v2\/types\/page"}],"author":[{"embeddable":true,"href":"https:\/\/diasil.com.br\/index.php\/wp-json\/wp\/v2\/users\/1"}],"replies":[{"embeddable":true,"href":"https:\/\/diasil.com.br\/index.php\/wp-json\/wp\/v2\/comments?post=235"}],"version-history":[{"count":52,"href":"https:\/\/diasil.com.br\/index.php\/wp-json\/wp\/v2\/pages\/235\/revisions"}],"predecessor-version":[{"id":1151,"href":"https:\/\/diasil.com.br\/index.php\/wp-json\/wp\/v2\/pages\/235\/revisions\/1151"}],"wp:attachment":[{"href":"https:\/\/diasil.com.br\/index.php\/wp-json\/wp\/v2\/media?parent=235"}],"curies":[{"name":"wp","href":"https:\/\/api.w.org\/{rel}","templated":true}]}}