{"id":809,"date":"2021-04-04T19:41:48","date_gmt":"2021-04-04T19:41:48","guid":{"rendered":"http:\/\/diasil.com.br\/?page_id=809"},"modified":"2025-05-16T12:10:11","modified_gmt":"2025-05-16T12:10:11","slug":"primmecur","status":"publish","type":"page","link":"https:\/\/diasil.com.br\/index.php\/adjuvantes\/primmecur\/","title":{"rendered":"PRIMMECUR"},"content":{"rendered":"\t\t<div data-elementor-type=\"wp-page\" data-elementor-id=\"809\" class=\"elementor elementor-809\">\n\t\t\t\t\t\t<section class=\"elementor-section elementor-top-section elementor-element elementor-element-1981cfe9 elementor-section-full_width elementor-section-height-default elementor-section-height-default\" data-id=\"1981cfe9\" data-element_type=\"section\" id=\"header_paginas\">\n\t\t\t\t\t\t<div class=\"elementor-container elementor-column-gap-no\">\n\t\t\t\t\t<div class=\"elementor-column elementor-col-100 elementor-top-column elementor-element elementor-element-48007d75\" data-id=\"48007d75\" data-element_type=\"column\">\n\t\t\t<div class=\"elementor-widget-wrap elementor-element-populated\">\n\t\t\t\t\t\t<div class=\"elementor-element elementor-element-2174ee67 elementor-align-left elementor-widget elementor-widget-home-1-header\" data-id=\"2174ee67\" data-element_type=\"widget\" data-widget_type=\"home-1-header.default\">\n\t\t\t\t<div class=\"elementor-widget-container\">\n\t\t\t\n\t\t<header>\n\t\t\t<div class=\"home-slider\">\n\t\t\t\t<!-- partial:index.partial.html -->\n\t\t\t\t<div class=\"hero-slider\" data-carousel>\n\t\t\t\t\t\t\t\t\t\t\t\t\t\t\t\t\t\t<div class=\"carousel-cell\" style=\"background-image:url(http:\/\/diasil.com.br\/wp-content\/uploads\/2021\/03\/diasil_capa01-1.jpg);\">\n\t\t\t\t\t\t\t\t\t\t\t\t\t\t<div class=\"overlay\"><\/div>\n\t\t\t\t\t\t\t<div class=\"container slider-caption\">\n\t\t\t\t\t\t\t\t\t\t\t\t\t\t\t\t\t\t\t\t\t\t\t\t\t<h2 class=\"title\">FERTILIZANTES<\/h2>\n\t\t\t\t\t\t\t\t\t\t\t\t\t\t\t\t<div class=\"slider-btn\">\n\t\t\t\t\t\t\t\t\t\t\t\t\t\t\t\t\t\t\t\t\t\t\t\t\t\t<\/div>\n\t\t\t\t\t\t\t<\/div>\n\t\t\t\t\t\t<\/div>\n\t\t\t\t\t\t\t\t\t\t\t<\/div>\n\t\t\t\t\t<!-- partial -->\n\t\t\t\t<\/div>\n\t\t\t<\/header>\n\t\t\t<\/div>\n\t\t\t\t<\/div>\n\t\t\t\t\t<\/div>\n\t\t<\/div>\n\t\t\t\t\t<\/div>\n\t\t<\/section>\n\t\t\t\t<section class=\"elementor-section elementor-top-section elementor-element elementor-element-389d5b3a elementor-section-boxed elementor-section-height-default elementor-section-height-default\" data-id=\"389d5b3a\" data-element_type=\"section\">\n\t\t\t\t\t\t<div class=\"elementor-container elementor-column-gap-default\">\n\t\t\t\t\t<div class=\"elementor-column elementor-col-50 elementor-top-column elementor-element elementor-element-1837af30\" data-id=\"1837af30\" data-element_type=\"column\">\n\t\t\t<div class=\"elementor-widget-wrap elementor-element-populated\">\n\t\t\t\t\t\t<div class=\"elementor-element elementor-element-42e981cd elementor-widget elementor-widget-image\" data-id=\"42e981cd\" data-element_type=\"widget\" data-widget_type=\"image.default\">\n\t\t\t\t<div class=\"elementor-widget-container\">\n\t\t\t<style>\/*! elementor - v3.19.0 - 28-02-2024 *\/\n.elementor-widget-image{text-align:center}.elementor-widget-image a{display:inline-block}.elementor-widget-image a img[src$=\".svg\"]{width:48px}.elementor-widget-image img{vertical-align:middle;display:inline-block}<\/style>\t\t\t\t\t\t\t\t\t\t<img fetchpriority=\"high\" decoding=\"async\" width=\"417\" height=\"313\" src=\"https:\/\/diasil.com.br\/wp-content\/uploads\/2021\/04\/logo.produtos_primecur.png\" class=\"attachment-large size-large wp-image-812\" alt=\"\" srcset=\"https:\/\/diasil.com.br\/wp-content\/uploads\/2021\/04\/logo.produtos_primecur.png 417w, https:\/\/diasil.com.br\/wp-content\/uploads\/2021\/04\/logo.produtos_primecur-300x225.png 300w\" sizes=\"(max-width: 417px) 100vw, 417px\" \/>\t\t\t\t\t\t\t\t\t\t\t\t\t<\/div>\n\t\t\t\t<\/div>\n\t\t\t\t<div class=\"elementor-element elementor-element-38e133a2 elementor-widget elementor-widget-image\" data-id=\"38e133a2\" data-element_type=\"widget\" data-widget_type=\"image.default\">\n\t\t\t\t<div class=\"elementor-widget-container\">\n\t\t\t\t\t\t\t\t\t\t\t\t\t<img decoding=\"async\" width=\"928\" height=\"928\" src=\"https:\/\/diasil.com.br\/wp-content\/uploads\/2021\/04\/embalagens_primecur.png\" class=\"attachment-full size-full wp-image-813\" alt=\"\" srcset=\"https:\/\/diasil.com.br\/wp-content\/uploads\/2021\/04\/embalagens_primecur.png 928w, https:\/\/diasil.com.br\/wp-content\/uploads\/2021\/04\/embalagens_primecur-300x300.png 300w, https:\/\/diasil.com.br\/wp-content\/uploads\/2021\/04\/embalagens_primecur-150x150.png 150w, https:\/\/diasil.com.br\/wp-content\/uploads\/2021\/04\/embalagens_primecur-768x768.png 768w\" sizes=\"(max-width: 928px) 100vw, 928px\" \/>\t\t\t\t\t\t\t\t\t\t\t\t\t<\/div>\n\t\t\t\t<\/div>\n\t\t\t\t<div class=\"elementor-element elementor-element-5b6879b0 elementor-widget elementor-widget-text-editor\" data-id=\"5b6879b0\" data-element_type=\"widget\" data-widget_type=\"text-editor.default\">\n\t\t\t\t<div class=\"elementor-widget-container\">\n\t\t\t<style>\/*! elementor - v3.19.0 - 28-02-2024 *\/\n.elementor-widget-text-editor.elementor-drop-cap-view-stacked .elementor-drop-cap{background-color:#69727d;color:#fff}.elementor-widget-text-editor.elementor-drop-cap-view-framed .elementor-drop-cap{color:#69727d;border:3px solid;background-color:transparent}.elementor-widget-text-editor:not(.elementor-drop-cap-view-default) .elementor-drop-cap{margin-top:8px}.elementor-widget-text-editor:not(.elementor-drop-cap-view-default) .elementor-drop-cap-letter{width:1em;height:1em}.elementor-widget-text-editor .elementor-drop-cap{float:left;text-align:center;line-height:1;font-size:50px}.elementor-widget-text-editor .elementor-drop-cap-letter{display:inline-block}<\/style>\t\t\t\t\t\t\t\t\t\t<\/div>\n\t\t\t\t<\/div>\n\t\t\t\t\t<\/div>\n\t\t<\/div>\n\t\t\t\t<div class=\"elementor-column elementor-col-50 elementor-top-column elementor-element elementor-element-60ba6d2e\" data-id=\"60ba6d2e\" data-element_type=\"column\">\n\t\t\t<div class=\"elementor-widget-wrap elementor-element-populated\">\n\t\t\t\t\t\t<div class=\"elementor-element elementor-element-77ca85d2 elementor-widget elementor-widget-text-editor\" data-id=\"77ca85d2\" data-element_type=\"widget\" data-widget_type=\"text-editor.default\">\n\t\t\t\t<div class=\"elementor-widget-container\">\n\t\t\t\t\t\t\t<p><strong>PRIMECUR<\/strong> \u00e9 um Adjuvante<br \/>composto por \u00c1cidos org\u00e2nicos. Indicado para<br \/>fungicidas e bactericidas.<\/p><p><strong>PRIMECUR<\/strong> \u00e9 um Adjuvante para caldas fungicidas formulado com aditivos acidificantes e oxidantes que estabilizam a formula\u00e7\u00e3o proporcionando resultados excelentes dos fungicidas. Produto que, quanto maior contato da calda com as folhas das plantas, maiores ser\u00e3o as respostas obtidas dos fungicidas. Deve -se usar em conjunto com adjuvantes de a\u00e7\u00e3o espalhante e adesiva de acordo com a recomenda\u00e7\u00e3o de uso do fabricante.<\/p><p>PRIMECUR \u00e9 recomendado para todas as culturas e em todos os est\u00e1gios de desenvolvimento das plantas.\u00a0<\/p><p>\u00a0<\/p><table class=\"tabelaproduto\" data-tablestyle=\"MsoTableGrid\" data-tablelook=\"1696\"><tbody><tr><th data-celllook=\"0\"><span data-contrast=\"auto\">DOSAGEM<\/span><\/th><\/tr><tr><td data-celllook=\"0\"><span data-contrast=\"auto\">0,5 a 1,0ml por litro da calda<\/span><\/td><\/tr><\/tbody><\/table><p>\u00a0<\/p>\t\t\t\t\t\t<\/div>\n\t\t\t\t<\/div>\n\t\t\t\t\t<\/div>\n\t\t<\/div>\n\t\t\t\t\t<\/div>\n\t\t<\/section>\n\t\t\t\t<\/div>\n\t\t","protected":false},"excerpt":{"rendered":"<p>FERTILIZANTES PRIMECUR \u00e9 um Adjuvantecomposto por \u00c1cidos org\u00e2nicos. Indicado parafungicidas e bactericidas. PRIMECUR \u00e9 um Adjuvante para caldas fungicidas formulado com aditivos acidificantes e oxidantes que estabilizam a formula\u00e7\u00e3o proporcionando resultados excelentes dos fungicidas. Produto que, quanto maior contato da calda com as folhas das plantas, maiores ser\u00e3o as respostas obtidas dos fungicidas. Deve -se [&hellip;]<\/p>\n","protected":false},"author":1,"featured_media":0,"parent":263,"menu_order":0,"comment_status":"closed","ping_status":"closed","template":"elementor_header_footer","meta":{"inline_featured_image":false,"footnotes":""},"class_list":["post-809","page","type-page","status-publish","hentry"],"_links":{"self":[{"href":"https:\/\/diasil.com.br\/index.php\/wp-json\/wp\/v2\/pages\/809","targetHints":{"allow":["GET"]}}],"collection":[{"href":"https:\/\/diasil.com.br\/index.php\/wp-json\/wp\/v2\/pages"}],"about":[{"href":"https:\/\/diasil.com.br\/index.php\/wp-json\/wp\/v2\/types\/page"}],"author":[{"embeddable":true,"href":"https:\/\/diasil.com.br\/index.php\/wp-json\/wp\/v2\/users\/1"}],"replies":[{"embeddable":true,"href":"https:\/\/diasil.com.br\/index.php\/wp-json\/wp\/v2\/comments?post=809"}],"version-history":[{"count":25,"href":"https:\/\/diasil.com.br\/index.php\/wp-json\/wp\/v2\/pages\/809\/revisions"}],"predecessor-version":[{"id":1236,"href":"https:\/\/diasil.com.br\/index.php\/wp-json\/wp\/v2\/pages\/809\/revisions\/1236"}],"up":[{"embeddable":true,"href":"https:\/\/diasil.com.br\/index.php\/wp-json\/wp\/v2\/pages\/263"}],"wp:attachment":[{"href":"https:\/\/diasil.com.br\/index.php\/wp-json\/wp\/v2\/media?parent=809"}],"curies":[{"name":"wp","href":"https:\/\/api.w.org\/{rel}","templated":true}]}}