{"id":841,"date":"2021-04-04T20:46:00","date_gmt":"2021-04-04T20:46:00","guid":{"rendered":"http:\/\/diasil.com.br\/?page_id=841"},"modified":"2025-05-16T12:03:45","modified_gmt":"2025-05-16T12:03:45","slug":"scudo","status":"publish","type":"page","link":"https:\/\/diasil.com.br\/index.php\/fertilizantes\/scudo\/","title":{"rendered":"SCUDO"},"content":{"rendered":"\t\t<div data-elementor-type=\"wp-page\" data-elementor-id=\"841\" class=\"elementor elementor-841\">\n\t\t\t\t\t\t<section class=\"elementor-section elementor-top-section elementor-element elementor-element-49f7194c elementor-section-full_width elementor-section-height-default elementor-section-height-default\" data-id=\"49f7194c\" data-element_type=\"section\" id=\"header_paginas\">\n\t\t\t\t\t\t<div class=\"elementor-container elementor-column-gap-no\">\n\t\t\t\t\t<div class=\"elementor-column elementor-col-100 elementor-top-column elementor-element elementor-element-6e40e736\" data-id=\"6e40e736\" data-element_type=\"column\">\n\t\t\t<div class=\"elementor-widget-wrap elementor-element-populated\">\n\t\t\t\t\t\t<div class=\"elementor-element elementor-element-145e72b5 elementor-align-left elementor-widget elementor-widget-home-1-header\" data-id=\"145e72b5\" data-element_type=\"widget\" data-widget_type=\"home-1-header.default\">\n\t\t\t\t<div class=\"elementor-widget-container\">\n\t\t\t\n\t\t<header>\n\t\t\t<div class=\"home-slider\">\n\t\t\t\t<!-- partial:index.partial.html -->\n\t\t\t\t<div class=\"hero-slider\" data-carousel>\n\t\t\t\t\t\t\t\t\t\t\t\t\t\t\t\t\t\t<div class=\"carousel-cell\" style=\"background-image:url(http:\/\/diasil.com.br\/wp-content\/uploads\/2021\/03\/diasil_capa02.png);\">\n\t\t\t\t\t\t\t\t\t\t\t\t\t\t<div class=\"overlay\"><\/div>\n\t\t\t\t\t\t\t<div class=\"container slider-caption\">\n\t\t\t\t\t\t\t\t\t\t\t\t\t\t\t\t\t\t\t\t\t\t\t\t\t<h2 class=\"title\">FERTILIZANTES<\/h2>\n\t\t\t\t\t\t\t\t\t\t\t\t\t\t\t\t<div class=\"slider-btn\">\n\t\t\t\t\t\t\t\t\t\t\t\t\t\t\t\t\t\t\t\t\t\t\t\t\t\t<\/div>\n\t\t\t\t\t\t\t<\/div>\n\t\t\t\t\t\t<\/div>\n\t\t\t\t\t\t\t\t\t\t\t<\/div>\n\t\t\t\t\t<!-- partial -->\n\t\t\t\t<\/div>\n\t\t\t<\/header>\n\t\t\t<\/div>\n\t\t\t\t<\/div>\n\t\t\t\t\t<\/div>\n\t\t<\/div>\n\t\t\t\t\t<\/div>\n\t\t<\/section>\n\t\t\t\t<section class=\"elementor-section elementor-top-section elementor-element elementor-element-7a65174 elementor-section-boxed elementor-section-height-default elementor-section-height-default\" data-id=\"7a65174\" data-element_type=\"section\">\n\t\t\t\t\t\t<div class=\"elementor-container elementor-column-gap-default\">\n\t\t\t\t\t<div class=\"elementor-column elementor-col-50 elementor-top-column elementor-element elementor-element-5919b719\" data-id=\"5919b719\" data-element_type=\"column\">\n\t\t\t<div class=\"elementor-widget-wrap elementor-element-populated\">\n\t\t\t\t\t\t<div class=\"elementor-element elementor-element-75e9d145 elementor-widget elementor-widget-image\" data-id=\"75e9d145\" data-element_type=\"widget\" data-widget_type=\"image.default\">\n\t\t\t\t<div class=\"elementor-widget-container\">\n\t\t\t<style>\/*! elementor - v3.19.0 - 28-02-2024 *\/\n.elementor-widget-image{text-align:center}.elementor-widget-image a{display:inline-block}.elementor-widget-image a img[src$=\".svg\"]{width:48px}.elementor-widget-image img{vertical-align:middle;display:inline-block}<\/style>\t\t\t\t\t\t\t\t\t\t<img fetchpriority=\"high\" decoding=\"async\" width=\"479\" height=\"214\" src=\"https:\/\/diasil.com.br\/wp-content\/uploads\/2023\/02\/logo-scudo.png\" class=\"attachment-large size-large wp-image-1078\" alt=\"\" srcset=\"https:\/\/diasil.com.br\/wp-content\/uploads\/2023\/02\/logo-scudo.png 479w, https:\/\/diasil.com.br\/wp-content\/uploads\/2023\/02\/logo-scudo-300x134.png 300w\" sizes=\"(max-width: 479px) 100vw, 479px\" \/>\t\t\t\t\t\t\t\t\t\t\t\t\t<\/div>\n\t\t\t\t<\/div>\n\t\t\t\t<div class=\"elementor-element elementor-element-6c01f532 elementor-widget elementor-widget-image\" data-id=\"6c01f532\" data-element_type=\"widget\" data-widget_type=\"image.default\">\n\t\t\t\t<div class=\"elementor-widget-container\">\n\t\t\t\t\t\t\t\t\t\t\t\t\t<img decoding=\"async\" width=\"746\" height=\"797\" src=\"https:\/\/diasil.com.br\/wp-content\/uploads\/2023\/02\/SCUDO.png\" class=\"attachment-full size-full wp-image-1079\" alt=\"\" srcset=\"https:\/\/diasil.com.br\/wp-content\/uploads\/2023\/02\/SCUDO.png 746w, https:\/\/diasil.com.br\/wp-content\/uploads\/2023\/02\/SCUDO-281x300.png 281w\" sizes=\"(max-width: 746px) 100vw, 746px\" \/>\t\t\t\t\t\t\t\t\t\t\t\t\t<\/div>\n\t\t\t\t<\/div>\n\t\t\t\t<div class=\"elementor-element elementor-element-a8b0b62 elementor-widget elementor-widget-text-editor\" data-id=\"a8b0b62\" data-element_type=\"widget\" data-widget_type=\"text-editor.default\">\n\t\t\t\t<div class=\"elementor-widget-container\">\n\t\t\t<style>\/*! elementor - v3.19.0 - 28-02-2024 *\/\n.elementor-widget-text-editor.elementor-drop-cap-view-stacked .elementor-drop-cap{background-color:#69727d;color:#fff}.elementor-widget-text-editor.elementor-drop-cap-view-framed .elementor-drop-cap{color:#69727d;border:3px solid;background-color:transparent}.elementor-widget-text-editor:not(.elementor-drop-cap-view-default) .elementor-drop-cap{margin-top:8px}.elementor-widget-text-editor:not(.elementor-drop-cap-view-default) .elementor-drop-cap-letter{width:1em;height:1em}.elementor-widget-text-editor .elementor-drop-cap{float:left;text-align:center;line-height:1;font-size:50px}.elementor-widget-text-editor .elementor-drop-cap-letter{display:inline-block}<\/style>\t\t\t\t<h6><span style=\"color: #ffffff;\"><strong>Produzido por DIASIL QU\u00cdMICA LTDA<\/strong><\/span><br \/><span style=\"color: #ffffff;\"><strong>Registro no MAPA: 80810-10246-1<\/strong><\/span><br \/><span style=\"color: #ffffff;\"><strong>CNPJ 69.040.541\/0001-40<\/strong><\/span><\/h6>\t\t\t\t\t\t<\/div>\n\t\t\t\t<\/div>\n\t\t\t\t\t<\/div>\n\t\t<\/div>\n\t\t\t\t<div class=\"elementor-column elementor-col-50 elementor-top-column elementor-element elementor-element-4cf570af\" data-id=\"4cf570af\" data-element_type=\"column\">\n\t\t\t<div class=\"elementor-widget-wrap elementor-element-populated\">\n\t\t\t\t\t\t<div class=\"elementor-element elementor-element-3aef9f32 elementor-widget elementor-widget-text-editor\" data-id=\"3aef9f32\" data-element_type=\"widget\" data-widget_type=\"text-editor.default\">\n\t\t\t\t<div class=\"elementor-widget-container\">\n\t\t\t\t\t\t\t<p><strong>SCUDO<\/strong> Fertilizante mineral misto, composto por N, Mg, S e Cu, cont\u00e9m amino\u00e1cidos de alta absosr\u00e7\u00e3o, resultando em um produto exclusivo no mercado.<br \/>Apresenta mol\u00e9culas muito ativas de grande pureza quando aplicado nas plantas, <strong>SCUDO<\/strong> \u00e9 indicado em pulveriza\u00e7\u00f5es para o manejo integrado de adversidades das lavouras.<\/p><table class=\"tabelaproduto\" data-tablestyle=\"MsoTableGrid\" data-tablelook=\"1696\"><tbody><tr><th data-celllook=\"0\"><span style=\"font-weight: 400;\" data-contrast=\"auto\">CULTURA<\/span><\/th><th data-celllook=\"0\"><span style=\"font-weight: 400;\" data-contrast=\"auto\">DOSE<\/span><\/th><th data-celllook=\"0\"><span style=\"font-weight: 400;\" data-contrast=\"auto\">RECOMENDA\u00c7\u00d5ES<\/span><\/th><\/tr><tr><td data-celllook=\"0\"><span data-contrast=\"auto\">Soja\/Feij\u00e3o<\/span><\/td><td data-celllook=\"0\"><span data-contrast=\"auto\">0,5 a 1,0 l\/ha<\/span><\/td><td data-celllook=\"0\"><span data-contrast=\"auto\">Aos 15 dias do abotoamento e no canivete<\/span><\/td><\/tr><tr><td data-celllook=\"0\"><span data-contrast=\"auto\">Caf\u00e9<\/span><\/td><td data-celllook=\"0\"><span data-contrast=\"auto\">1,0 l\/ha<\/span><\/td><td data-celllook=\"0\"><span data-contrast=\"auto\">A partir de novembro a cada 30 dias (3 aplica\u00e7\u00f5es)<\/span><\/td><\/tr><tr><td data-celllook=\"0\"><span data-contrast=\"auto\">Batata<\/span><\/td><td data-celllook=\"0\"><span data-contrast=\"auto\">0,5 a 1,0 l\/ha<\/span><\/td><td data-celllook=\"0\">Aplica\u00e7\u00f5es Quinzenais<\/td><\/tr><tr><td data-celllook=\"0\"><span data-contrast=\"auto\">Tomate<\/span><\/td><td data-celllook=\"0\"><span data-contrast=\"auto\">250ml\/100l<\/span><\/td><td data-celllook=\"0\">Aplica\u00e7\u00f5es Quinzenais<\/td><\/tr><tr><td data-celllook=\"0\"><span data-contrast=\"auto\">Milho<\/span><\/td><td data-celllook=\"0\"><span data-contrast=\"auto\">0,5 a 1,0 l\/ha<\/span><\/td><td data-celllook=\"0\">Aplica\u00e7\u00f5es Quinzenais<\/td><\/tr><tr><td data-celllook=\"0\"><span data-contrast=\"auto\">Algod\u00e3o<\/span><\/td><td data-celllook=\"0\"><span data-contrast=\"auto\">0,5 a 1,0 l\/ha<\/span><\/td><td data-celllook=\"0\">Aplica\u00e7\u00f5es Quinzenais<\/td><\/tr><\/tbody><\/table>\t\t\t\t\t\t<\/div>\n\t\t\t\t<\/div>\n\t\t\t\t\t<\/div>\n\t\t<\/div>\n\t\t\t\t\t<\/div>\n\t\t<\/section>\n\t\t\t\t<\/div>\n\t\t","protected":false},"excerpt":{"rendered":"<p>FERTILIZANTES Produzido por DIASIL QU\u00cdMICA LTDARegistro no MAPA: 80810-10246-1CNPJ 69.040.541\/0001-40 SCUDO Fertilizante mineral misto, composto por N, Mg, S e Cu, cont\u00e9m amino\u00e1cidos de alta absosr\u00e7\u00e3o, resultando em um produto exclusivo no mercado.Apresenta mol\u00e9culas muito ativas de grande pureza quando aplicado nas plantas, SCUDO \u00e9 indicado em pulveriza\u00e7\u00f5es para o manejo integrado de adversidades das [&hellip;]<\/p>\n","protected":false},"author":1,"featured_media":0,"parent":487,"menu_order":0,"comment_status":"closed","ping_status":"closed","template":"elementor_header_footer","meta":{"inline_featured_image":false,"footnotes":""},"class_list":["post-841","page","type-page","status-publish","hentry"],"_links":{"self":[{"href":"https:\/\/diasil.com.br\/index.php\/wp-json\/wp\/v2\/pages\/841","targetHints":{"allow":["GET"]}}],"collection":[{"href":"https:\/\/diasil.com.br\/index.php\/wp-json\/wp\/v2\/pages"}],"about":[{"href":"https:\/\/diasil.com.br\/index.php\/wp-json\/wp\/v2\/types\/page"}],"author":[{"embeddable":true,"href":"https:\/\/diasil.com.br\/index.php\/wp-json\/wp\/v2\/users\/1"}],"replies":[{"embeddable":true,"href":"https:\/\/diasil.com.br\/index.php\/wp-json\/wp\/v2\/comments?post=841"}],"version-history":[{"count":19,"href":"https:\/\/diasil.com.br\/index.php\/wp-json\/wp\/v2\/pages\/841\/revisions"}],"predecessor-version":[{"id":1227,"href":"https:\/\/diasil.com.br\/index.php\/wp-json\/wp\/v2\/pages\/841\/revisions\/1227"}],"up":[{"embeddable":true,"href":"https:\/\/diasil.com.br\/index.php\/wp-json\/wp\/v2\/pages\/487"}],"wp:attachment":[{"href":"https:\/\/diasil.com.br\/index.php\/wp-json\/wp\/v2\/media?parent=841"}],"curies":[{"name":"wp","href":"https:\/\/api.w.org\/{rel}","templated":true}]}}