{"id":851,"date":"2021-04-04T22:22:30","date_gmt":"2021-04-04T22:22:30","guid":{"rendered":"http:\/\/diasil.com.br\/?page_id=851"},"modified":"2025-05-16T12:08:11","modified_gmt":"2025-05-16T12:08:11","slug":"stratus","status":"publish","type":"page","link":"https:\/\/diasil.com.br\/index.php\/adjuvantes\/stratus\/","title":{"rendered":"STRATUS"},"content":{"rendered":"\t\t<div data-elementor-type=\"wp-page\" data-elementor-id=\"851\" class=\"elementor elementor-851\">\n\t\t\t\t\t\t<section class=\"elementor-section elementor-top-section elementor-element elementor-element-20162309 elementor-section-full_width elementor-section-height-default elementor-section-height-default\" data-id=\"20162309\" data-element_type=\"section\" id=\"header_paginas\">\n\t\t\t\t\t\t<div class=\"elementor-container elementor-column-gap-no\">\n\t\t\t\t\t<div class=\"elementor-column elementor-col-100 elementor-top-column elementor-element elementor-element-641dc62e\" data-id=\"641dc62e\" data-element_type=\"column\">\n\t\t\t<div class=\"elementor-widget-wrap elementor-element-populated\">\n\t\t\t\t\t\t<div class=\"elementor-element elementor-element-55050633 elementor-align-left elementor-widget elementor-widget-home-1-header\" data-id=\"55050633\" data-element_type=\"widget\" data-widget_type=\"home-1-header.default\">\n\t\t\t\t<div class=\"elementor-widget-container\">\n\t\t\t\n\t\t<header>\n\t\t\t<div class=\"home-slider\">\n\t\t\t\t<!-- partial:index.partial.html -->\n\t\t\t\t<div class=\"hero-slider\" data-carousel>\n\t\t\t\t\t\t\t\t\t\t\t\t\t\t\t\t\t\t<div class=\"carousel-cell\" style=\"background-image:url(http:\/\/diasil.com.br\/wp-content\/uploads\/2021\/03\/diasil_capa01-1.jpg);\">\n\t\t\t\t\t\t\t\t\t\t\t\t\t\t<div class=\"overlay\"><\/div>\n\t\t\t\t\t\t\t<div class=\"container slider-caption\">\n\t\t\t\t\t\t\t\t\t\t\t\t\t\t\t\t\t\t\t\t\t\t\t\t\t<h2 class=\"title\">ADJUVANTES<\/h2>\n\t\t\t\t\t\t\t\t\t\t\t\t\t\t\t\t<div class=\"slider-btn\">\n\t\t\t\t\t\t\t\t\t\t\t\t\t\t\t\t\t\t\t\t\t\t\t\t\t\t<\/div>\n\t\t\t\t\t\t\t<\/div>\n\t\t\t\t\t\t<\/div>\n\t\t\t\t\t\t\t\t\t\t\t<\/div>\n\t\t\t\t\t<!-- partial -->\n\t\t\t\t<\/div>\n\t\t\t<\/header>\n\t\t\t<\/div>\n\t\t\t\t<\/div>\n\t\t\t\t\t<\/div>\n\t\t<\/div>\n\t\t\t\t\t<\/div>\n\t\t<\/section>\n\t\t\t\t<section class=\"elementor-section elementor-top-section elementor-element elementor-element-3a598235 elementor-section-boxed elementor-section-height-default elementor-section-height-default\" data-id=\"3a598235\" data-element_type=\"section\">\n\t\t\t\t\t\t<div class=\"elementor-container elementor-column-gap-default\">\n\t\t\t\t\t<div class=\"elementor-column elementor-col-50 elementor-top-column elementor-element elementor-element-93b3e53\" data-id=\"93b3e53\" data-element_type=\"column\">\n\t\t\t<div class=\"elementor-widget-wrap elementor-element-populated\">\n\t\t\t\t\t\t<div class=\"elementor-element elementor-element-26ff56c1 elementor-widget elementor-widget-image\" data-id=\"26ff56c1\" data-element_type=\"widget\" data-widget_type=\"image.default\">\n\t\t\t\t<div class=\"elementor-widget-container\">\n\t\t\t<style>\/*! elementor - v3.19.0 - 28-02-2024 *\/\n.elementor-widget-image{text-align:center}.elementor-widget-image a{display:inline-block}.elementor-widget-image a img[src$=\".svg\"]{width:48px}.elementor-widget-image img{vertical-align:middle;display:inline-block}<\/style>\t\t\t\t\t\t\t\t\t\t<img fetchpriority=\"high\" decoding=\"async\" width=\"417\" height=\"313\" src=\"https:\/\/diasil.com.br\/wp-content\/uploads\/2021\/04\/logo.produtos_stratus.png\" class=\"attachment-large size-large wp-image-855\" alt=\"\" srcset=\"https:\/\/diasil.com.br\/wp-content\/uploads\/2021\/04\/logo.produtos_stratus.png 417w, https:\/\/diasil.com.br\/wp-content\/uploads\/2021\/04\/logo.produtos_stratus-300x225.png 300w\" sizes=\"(max-width: 417px) 100vw, 417px\" \/>\t\t\t\t\t\t\t\t\t\t\t\t\t<\/div>\n\t\t\t\t<\/div>\n\t\t\t\t<div class=\"elementor-element elementor-element-1377b5a3 elementor-widget elementor-widget-image\" data-id=\"1377b5a3\" data-element_type=\"widget\" data-widget_type=\"image.default\">\n\t\t\t\t<div class=\"elementor-widget-container\">\n\t\t\t\t\t\t\t\t\t\t\t\t\t<img decoding=\"async\" width=\"928\" height=\"928\" src=\"https:\/\/diasil.com.br\/wp-content\/uploads\/2021\/04\/embalagens_stratus.png\" class=\"attachment-full size-full wp-image-856\" alt=\"\" srcset=\"https:\/\/diasil.com.br\/wp-content\/uploads\/2021\/04\/embalagens_stratus.png 928w, https:\/\/diasil.com.br\/wp-content\/uploads\/2021\/04\/embalagens_stratus-300x300.png 300w, https:\/\/diasil.com.br\/wp-content\/uploads\/2021\/04\/embalagens_stratus-150x150.png 150w, https:\/\/diasil.com.br\/wp-content\/uploads\/2021\/04\/embalagens_stratus-768x768.png 768w\" sizes=\"(max-width: 928px) 100vw, 928px\" \/>\t\t\t\t\t\t\t\t\t\t\t\t\t<\/div>\n\t\t\t\t<\/div>\n\t\t\t\t<div class=\"elementor-element elementor-element-35935ab4 elementor-widget elementor-widget-text-editor\" data-id=\"35935ab4\" data-element_type=\"widget\" data-widget_type=\"text-editor.default\">\n\t\t\t\t<div class=\"elementor-widget-container\">\n\t\t\t<style>\/*! elementor - v3.19.0 - 28-02-2024 *\/\n.elementor-widget-text-editor.elementor-drop-cap-view-stacked .elementor-drop-cap{background-color:#69727d;color:#fff}.elementor-widget-text-editor.elementor-drop-cap-view-framed .elementor-drop-cap{color:#69727d;border:3px solid;background-color:transparent}.elementor-widget-text-editor:not(.elementor-drop-cap-view-default) .elementor-drop-cap{margin-top:8px}.elementor-widget-text-editor:not(.elementor-drop-cap-view-default) .elementor-drop-cap-letter{width:1em;height:1em}.elementor-widget-text-editor .elementor-drop-cap{float:left;text-align:center;line-height:1;font-size:50px}.elementor-widget-text-editor .elementor-drop-cap-letter{display:inline-block}<\/style>\t\t\t\t\t\t\t\t\t\t<\/div>\n\t\t\t\t<\/div>\n\t\t\t\t\t<\/div>\n\t\t<\/div>\n\t\t\t\t<div class=\"elementor-column elementor-col-50 elementor-top-column elementor-element elementor-element-61129dc2\" data-id=\"61129dc2\" data-element_type=\"column\">\n\t\t\t<div class=\"elementor-widget-wrap elementor-element-populated\">\n\t\t\t\t\t\t<div class=\"elementor-element elementor-element-3dafc02e elementor-widget elementor-widget-text-editor\" data-id=\"3dafc02e\" data-element_type=\"widget\" data-widget_type=\"text-editor.default\">\n\t\t\t\t<div class=\"elementor-widget-container\">\n\t\t\t\t\t\t\t<p>Adjuvante para caldas agr\u00edcolas formulado com aditivos espalhante, emulsificante, tensoativos, surfactantes, anti-deriva, adesivos e penetrantes em formula\u00e7\u00e3o estabilizada proporcionando os melhores resultados das caldas agr\u00edcolas.<\/p><p>\u00c9 recomendado para todas as culturas e em todos os est\u00e1gios de desenvolvimento das plantas.<\/p><p>\u00a0<\/p><table class=\"tabelaproduto\" data-tablestyle=\"MsoTableGrid\" data-tablelook=\"1696\"><tbody><tr><th data-celllook=\"0\"><span data-contrast=\"auto\">DOSAGEM<\/span><\/th><\/tr><tr><td data-celllook=\"0\"><span data-contrast=\"auto\">0,5 a 3,0ml por litro da calda<\/span><\/td><\/tr><\/tbody><\/table><p>\u00a0<\/p>\t\t\t\t\t\t<\/div>\n\t\t\t\t<\/div>\n\t\t\t\t\t<\/div>\n\t\t<\/div>\n\t\t\t\t\t<\/div>\n\t\t<\/section>\n\t\t\t\t<\/div>\n\t\t","protected":false},"excerpt":{"rendered":"<p>ADJUVANTES Adjuvante para caldas agr\u00edcolas formulado com aditivos espalhante, emulsificante, tensoativos, surfactantes, anti-deriva, adesivos e penetrantes em formula\u00e7\u00e3o estabilizada proporcionando os melhores resultados das caldas agr\u00edcolas. \u00c9 recomendado para todas as culturas e em todos os est\u00e1gios de desenvolvimento das plantas. \u00a0 DOSAGEM 0,5 a 3,0ml por litro da calda \u00a0<\/p>\n","protected":false},"author":1,"featured_media":0,"parent":263,"menu_order":0,"comment_status":"closed","ping_status":"closed","template":"elementor_header_footer","meta":{"inline_featured_image":false,"footnotes":""},"class_list":["post-851","page","type-page","status-publish","hentry"],"_links":{"self":[{"href":"https:\/\/diasil.com.br\/index.php\/wp-json\/wp\/v2\/pages\/851","targetHints":{"allow":["GET"]}}],"collection":[{"href":"https:\/\/diasil.com.br\/index.php\/wp-json\/wp\/v2\/pages"}],"about":[{"href":"https:\/\/diasil.com.br\/index.php\/wp-json\/wp\/v2\/types\/page"}],"author":[{"embeddable":true,"href":"https:\/\/diasil.com.br\/index.php\/wp-json\/wp\/v2\/users\/1"}],"replies":[{"embeddable":true,"href":"https:\/\/diasil.com.br\/index.php\/wp-json\/wp\/v2\/comments?post=851"}],"version-history":[{"count":25,"href":"https:\/\/diasil.com.br\/index.php\/wp-json\/wp\/v2\/pages\/851\/revisions"}],"predecessor-version":[{"id":1233,"href":"https:\/\/diasil.com.br\/index.php\/wp-json\/wp\/v2\/pages\/851\/revisions\/1233"}],"up":[{"embeddable":true,"href":"https:\/\/diasil.com.br\/index.php\/wp-json\/wp\/v2\/pages\/263"}],"wp:attachment":[{"href":"https:\/\/diasil.com.br\/index.php\/wp-json\/wp\/v2\/media?parent=851"}],"curies":[{"name":"wp","href":"https:\/\/api.w.org\/{rel}","templated":true}]}}