{"id":888,"date":"2021-04-04T23:30:07","date_gmt":"2021-04-04T23:30:07","guid":{"rendered":"http:\/\/diasil.com.br\/?page_id=888"},"modified":"2023-06-02T15:54:44","modified_gmt":"2023-06-02T15:54:44","slug":"ad41","status":"publish","type":"page","link":"https:\/\/diasil.com.br\/index.php\/adjuvantes\/ad41\/","title":{"rendered":"AD41"},"content":{"rendered":"\t\t<div data-elementor-type=\"wp-page\" data-elementor-id=\"888\" class=\"elementor elementor-888\">\n\t\t\t\t\t\t<section class=\"elementor-section elementor-top-section elementor-element elementor-element-4c785480 elementor-section-full_width elementor-section-height-default elementor-section-height-default\" data-id=\"4c785480\" data-element_type=\"section\" id=\"header_paginas\">\n\t\t\t\t\t\t<div class=\"elementor-container elementor-column-gap-no\">\n\t\t\t\t\t<div class=\"elementor-column elementor-col-100 elementor-top-column elementor-element elementor-element-10092d47\" data-id=\"10092d47\" data-element_type=\"column\">\n\t\t\t<div class=\"elementor-widget-wrap elementor-element-populated\">\n\t\t\t\t\t\t<div class=\"elementor-element elementor-element-50e93c59 elementor-align-left elementor-widget elementor-widget-home-1-header\" data-id=\"50e93c59\" data-element_type=\"widget\" data-widget_type=\"home-1-header.default\">\n\t\t\t\t<div class=\"elementor-widget-container\">\n\t\t\t\n\t\t<header>\n\t\t\t<div class=\"home-slider\">\n\t\t\t\t<!-- partial:index.partial.html -->\n\t\t\t\t<div class=\"hero-slider\" data-carousel>\n\t\t\t\t\t\t\t\t\t\t\t\t\t\t\t\t\t\t<div class=\"carousel-cell\" style=\"background-image:url(http:\/\/diasil.com.br\/wp-content\/uploads\/2021\/03\/diasil_capa01-1.jpg);\">\n\t\t\t\t\t\t\t\t\t\t\t\t\t\t<div class=\"overlay\"><\/div>\n\t\t\t\t\t\t\t<div class=\"container slider-caption\">\n\t\t\t\t\t\t\t\t\t\t\t\t\t\t\t\t\t\t\t\t\t\t\t\t\t<h2 class=\"title\">ADJUVANTES<\/h2>\n\t\t\t\t\t\t\t\t\t\t\t\t\t\t\t\t<div class=\"slider-btn\">\n\t\t\t\t\t\t\t\t\t\t\t\t\t\t\t\t\t\t\t\t\t\t\t\t\t\t<\/div>\n\t\t\t\t\t\t\t<\/div>\n\t\t\t\t\t\t<\/div>\n\t\t\t\t\t\t\t\t\t\t\t<\/div>\n\t\t\t\t\t<!-- partial -->\n\t\t\t\t<\/div>\n\t\t\t<\/header>\n\t\t\t<\/div>\n\t\t\t\t<\/div>\n\t\t\t\t\t<\/div>\n\t\t<\/div>\n\t\t\t\t\t<\/div>\n\t\t<\/section>\n\t\t\t\t<section class=\"elementor-section elementor-top-section elementor-element elementor-element-43711c4a elementor-section-boxed elementor-section-height-default elementor-section-height-default\" data-id=\"43711c4a\" data-element_type=\"section\">\n\t\t\t\t\t\t<div class=\"elementor-container elementor-column-gap-default\">\n\t\t\t\t\t<div class=\"elementor-column elementor-col-50 elementor-top-column elementor-element elementor-element-622b31a8\" data-id=\"622b31a8\" data-element_type=\"column\">\n\t\t\t<div class=\"elementor-widget-wrap elementor-element-populated\">\n\t\t\t\t\t\t<div class=\"elementor-element elementor-element-5c767de8 elementor-widget elementor-widget-image\" data-id=\"5c767de8\" data-element_type=\"widget\" data-widget_type=\"image.default\">\n\t\t\t\t<div class=\"elementor-widget-container\">\n\t\t\t<style>\/*! elementor - v3.19.0 - 28-02-2024 *\/\n.elementor-widget-image{text-align:center}.elementor-widget-image a{display:inline-block}.elementor-widget-image a img[src$=\".svg\"]{width:48px}.elementor-widget-image img{vertical-align:middle;display:inline-block}<\/style>\t\t\t\t\t\t\t\t\t\t<img fetchpriority=\"high\" decoding=\"async\" width=\"417\" height=\"313\" src=\"https:\/\/diasil.com.br\/wp-content\/uploads\/2021\/04\/logo.produtos_AD41.png\" class=\"attachment-large size-large wp-image-896\" alt=\"\" srcset=\"https:\/\/diasil.com.br\/wp-content\/uploads\/2021\/04\/logo.produtos_AD41.png 417w, https:\/\/diasil.com.br\/wp-content\/uploads\/2021\/04\/logo.produtos_AD41-300x225.png 300w\" sizes=\"(max-width: 417px) 100vw, 417px\" \/>\t\t\t\t\t\t\t\t\t\t\t\t\t<\/div>\n\t\t\t\t<\/div>\n\t\t\t\t<div class=\"elementor-element elementor-element-4191628 elementor-widget elementor-widget-image\" data-id=\"4191628\" data-element_type=\"widget\" data-widget_type=\"image.default\">\n\t\t\t\t<div class=\"elementor-widget-container\">\n\t\t\t\t\t\t\t\t\t\t\t\t\t<img decoding=\"async\" width=\"928\" height=\"928\" src=\"https:\/\/diasil.com.br\/wp-content\/uploads\/2021\/04\/embalagens_AD41.png\" class=\"attachment-full size-full wp-image-895\" alt=\"\" srcset=\"https:\/\/diasil.com.br\/wp-content\/uploads\/2021\/04\/embalagens_AD41.png 928w, https:\/\/diasil.com.br\/wp-content\/uploads\/2021\/04\/embalagens_AD41-300x300.png 300w, https:\/\/diasil.com.br\/wp-content\/uploads\/2021\/04\/embalagens_AD41-150x150.png 150w, https:\/\/diasil.com.br\/wp-content\/uploads\/2021\/04\/embalagens_AD41-768x768.png 768w\" sizes=\"(max-width: 928px) 100vw, 928px\" \/>\t\t\t\t\t\t\t\t\t\t\t\t\t<\/div>\n\t\t\t\t<\/div>\n\t\t\t\t<div class=\"elementor-element elementor-element-60ecb5ff elementor-widget elementor-widget-text-editor\" data-id=\"60ecb5ff\" data-element_type=\"widget\" data-widget_type=\"text-editor.default\">\n\t\t\t\t<div class=\"elementor-widget-container\">\n\t\t\t<style>\/*! elementor - v3.19.0 - 28-02-2024 *\/\n.elementor-widget-text-editor.elementor-drop-cap-view-stacked .elementor-drop-cap{background-color:#69727d;color:#fff}.elementor-widget-text-editor.elementor-drop-cap-view-framed .elementor-drop-cap{color:#69727d;border:3px solid;background-color:transparent}.elementor-widget-text-editor:not(.elementor-drop-cap-view-default) .elementor-drop-cap{margin-top:8px}.elementor-widget-text-editor:not(.elementor-drop-cap-view-default) .elementor-drop-cap-letter{width:1em;height:1em}.elementor-widget-text-editor .elementor-drop-cap{float:left;text-align:center;line-height:1;font-size:50px}.elementor-widget-text-editor .elementor-drop-cap-letter{display:inline-block}<\/style>\t\t\t\t<h6><span style=\"color: #ffffff;\"><strong>Produzido por DIASIL QU\u00cdMICA LTDA<\/strong><\/span><br \/><span style=\"color: #ffffff;\"><strong>Registro no MAPA: 80810-5<\/strong><\/span><br \/><span style=\"color: #ffffff;\"><strong>CNPJ 69.040.541\/0001-40<\/strong><\/span><\/h6>\t\t\t\t\t\t<\/div>\n\t\t\t\t<\/div>\n\t\t\t\t\t<\/div>\n\t\t<\/div>\n\t\t\t\t<div class=\"elementor-column elementor-col-50 elementor-top-column elementor-element elementor-element-286b67cc\" data-id=\"286b67cc\" data-element_type=\"column\">\n\t\t\t<div class=\"elementor-widget-wrap elementor-element-populated\">\n\t\t\t\t\t\t<div class=\"elementor-element elementor-element-5f398b8d elementor-widget elementor-widget-text-editor\" data-id=\"5f398b8d\" data-element_type=\"widget\" data-widget_type=\"text-editor.default\">\n\t\t\t\t<div class=\"elementor-widget-container\">\n\t\t\t\t\t\t\t<p><span style=\"font-family: Arial, sans-serif; font-size: 12pt; color: var(--main-text-color); text-align: justify;\">AD 41 \u00e9 um adjuvante composto por propriedades especiais e multifuncionais como: super espalhante adesivo, umectante, penetrante e anti deriva.<\/span><\/p><p>\u00a0<\/p><p style=\"text-align: justify;\"><span style=\"font-size: 12.0pt; line-height: 115%; font-family: 'Arial',sans-serif;\">Sendo indicado para as aplica\u00e7\u00f5es de inseticidas, fungicidas (qu\u00edmicos e biol\u00f3gicos), e herbicidas, desta forma aumentando a efici\u00eancia dos produtos, o que apresenta grandes benef\u00edcios ambientais, agron\u00f4micos e financeiros.<\/span><\/p><table data-tablestyle=\"MsoTableGrid\" data-tablelook=\"1696\"><tbody><tr><th style=\"text-align: center;\" colspan=\"3\" data-celllook=\"0\"><span data-contrast=\"auto\">RECOMENDA\u00c7\u00d5ES DE USO<\/span><\/th><\/tr><tr><th style=\"text-align: center;\" data-celllook=\"0\"><span data-contrast=\"auto\">Vaz\u00e3o em litros por HA<\/span><\/th><th style=\"text-align: center;\" data-celllook=\"0\"><span data-contrast=\"auto\">Dilui\u00e7\u00e3o<\/span><\/th><th style=\"text-align: center;\" data-celllook=\"0\"><span data-contrast=\"auto\">Dose por 100L<\/span><\/th><\/tr><tr><td data-celllook=\"0\"><span data-contrast=\"auto\">At\u00e9 15<\/span><\/td><td style=\"text-align: center;\" data-celllook=\"0\"><span data-contrast=\"auto\">0,25%<\/span><\/td><td style=\"text-align: center;\" data-celllook=\"0\"><span data-contrast=\"auto\">250 ml<\/span><\/td><\/tr><tr><td data-celllook=\"0\"><span data-contrast=\"auto\">De 16 a 25<\/span><\/td><td style=\"text-align: center;\" data-celllook=\"0\"><span data-contrast=\"auto\">0,15%<\/span><\/td><td style=\"text-align: center;\" data-celllook=\"0\"><span data-contrast=\"auto\">150 ml<\/span><\/td><\/tr><tr><td data-celllook=\"0\"><span data-contrast=\"auto\">De 26 a 40<\/span><\/td><td style=\"text-align: center;\" data-celllook=\"0\"><span data-contrast=\"auto\">0,1%<\/span><\/td><td style=\"text-align: center;\" data-celllook=\"0\"><span data-contrast=\"auto\">100 ml<\/span><\/td><\/tr><tr><td data-celllook=\"0\"><span data-contrast=\"auto\">De 41 a 70<\/span><\/td><td style=\"text-align: center;\" data-celllook=\"0\"><span data-contrast=\"auto\">0, 075%<\/span><\/td><td style=\"text-align: center;\" data-celllook=\"0\"><span data-contrast=\"auto\">75ml<\/span><\/td><\/tr><tr><td data-celllook=\"0\"><span data-contrast=\"auto\">Acima de 70<\/span><\/td><td style=\"text-align: center;\" data-celllook=\"0\"><span data-contrast=\"auto\">0, 05%<\/span><\/td><td style=\"text-align: center;\" data-celllook=\"0\"><span data-contrast=\"auto\">50ml<\/span><\/td><\/tr><\/tbody><\/table><p>Observa\u00e7\u00f5es<br \/>\u2022 Utilizar em todas as aplica\u00e7\u00f5es agr\u00edcolas<br \/>\u2022 Adjuvante l\u00edquido que n\u00e3o est\u00e1 sujeito a nenhuma restri\u00e7\u00e3o ou cuidado toxicol\u00f3gico, tanto de transporte quanto de armazenamento.<br \/>\u2022 Armazenar em temperatura entre 5\u2070 a 30\u2070C<br \/>\u2022 N\u00e3o empilhar mais de 03 vasilhames ou 05caixas de altura.<br \/>\u2022 Mantenha o produto longe do alcance de crian\u00e7as ou animais.<br \/>\u2022 Manter o produto em sua embalagem original armazenado em local seco e arejado.<br \/>\u2022 N\u00e3o realizar pr\u00e9 misturas com outros produtos em recipientes que n\u00e3o seja no tanque pulverizador.<br \/>\u2022 Adicionar sempre o produto no tanque com pulveriza\u00e7\u00e3o com 99% da \u00e1gua a ser utilizada.<br \/>\u2022 Aplica\u00e7\u00f5es fora destas recomenda\u00e7\u00f5es s\u00e3o sempre de responsabilidade do usu\u00e1rio.<\/p>\t\t\t\t\t\t<\/div>\n\t\t\t\t<\/div>\n\t\t\t\t\t<\/div>\n\t\t<\/div>\n\t\t\t\t\t<\/div>\n\t\t<\/section>\n\t\t\t\t<\/div>\n\t\t","protected":false},"excerpt":{"rendered":"<p>ADJUVANTES Produzido por DIASIL QU\u00cdMICA LTDARegistro no MAPA: 80810-5CNPJ 69.040.541\/0001-40 AD 41 \u00e9 um adjuvante composto por propriedades especiais e multifuncionais como: super espalhante adesivo, umectante, penetrante e anti deriva. \u00a0 Sendo indicado para as aplica\u00e7\u00f5es de inseticidas, fungicidas (qu\u00edmicos e biol\u00f3gicos), e herbicidas, desta forma aumentando a efici\u00eancia dos produtos, o que apresenta grandes [&hellip;]<\/p>\n","protected":false},"author":1,"featured_media":0,"parent":263,"menu_order":0,"comment_status":"closed","ping_status":"closed","template":"elementor_header_footer","meta":{"inline_featured_image":false,"footnotes":""},"class_list":["post-888","page","type-page","status-publish","hentry"],"_links":{"self":[{"href":"https:\/\/diasil.com.br\/index.php\/wp-json\/wp\/v2\/pages\/888","targetHints":{"allow":["GET"]}}],"collection":[{"href":"https:\/\/diasil.com.br\/index.php\/wp-json\/wp\/v2\/pages"}],"about":[{"href":"https:\/\/diasil.com.br\/index.php\/wp-json\/wp\/v2\/types\/page"}],"author":[{"embeddable":true,"href":"https:\/\/diasil.com.br\/index.php\/wp-json\/wp\/v2\/users\/1"}],"replies":[{"embeddable":true,"href":"https:\/\/diasil.com.br\/index.php\/wp-json\/wp\/v2\/comments?post=888"}],"version-history":[{"count":16,"href":"https:\/\/diasil.com.br\/index.php\/wp-json\/wp\/v2\/pages\/888\/revisions"}],"predecessor-version":[{"id":1193,"href":"https:\/\/diasil.com.br\/index.php\/wp-json\/wp\/v2\/pages\/888\/revisions\/1193"}],"up":[{"embeddable":true,"href":"https:\/\/diasil.com.br\/index.php\/wp-json\/wp\/v2\/pages\/263"}],"wp:attachment":[{"href":"https:\/\/diasil.com.br\/index.php\/wp-json\/wp\/v2\/media?parent=888"}],"curies":[{"name":"wp","href":"https:\/\/api.w.org\/{rel}","templated":true}]}}